{"id":22522,"date":"2024-02-20T15:28:51","date_gmt":"2024-02-20T20:28:51","guid":{"rendered":"https:\/\/dev2.traderscale.com\/?page_id=22522"},"modified":"2025-04-23T03:42:22","modified_gmt":"2025-04-23T08:42:22","slug":"politikk-for-tilbakebetaling","status":"publish","type":"page","link":"https:\/\/dev2.traderscale.com\/no\/politikk-for-tilbakebetaling\/","title":{"rendered":"Politikk for tilbakebetaling"},"content":{"rendered":"\r\n<div><br \/>\r\n<h3 class=\"heading-secondary\">Avbestillings- og refusjonspolicy<br \/><br \/><\/h3>\r\n<br \/>\r\n<div>Etter at betalingen for kj\u00f8pet av et av v\u00e5re programmer er bekreftet, vil du motta en e-post med innloggingsdetaljene for \u00e5 f\u00e5 tilgang til din handelsplattform. N\u00e5r denne informasjonen er sendt til deg p\u00e5 e-post, vil ingen refusjon bli gitt. I spesifikke tilfeller og for assistanse, vennligst send en e-post til <a href=\"mailto:support@traderscale.com\">support@traderscale.com<\/a><\/div>\r\n<\/div>\r\n<p>&nbsp;<\/p>\r\n<div><br \/>\r\n<h3 class=\"heading-secondary\"><br \/>Refusjon etter vellykket fullf\u00f8ring av en Challenge<\/h3>\r\n<br \/>Vi tilbyr ikke refusjon p\u00e5 challenge-gebyret for v\u00e5r Speedy Challenge.<\/div>\r\n<p>&nbsp;<\/p>\r\n<div><br \/>\r\n<h3 class=\"heading-secondary\"><br \/>Aksept av denne policyen<\/h3>\r\n<br \/>\r\n<div>Det er ditt ansvar \u00e5 fullt ut forst\u00e5 refusjonspolicyen. Ved \u00e5 legge inn en bestilling for et av v\u00e5re programmer bekrefter du at du har lest denne policyen n\u00f8ye, og at du samtykker i og aksepterer disse vilk\u00e5rene. Hvis du ikke er enig i eller ikke fullt ut aksepterer vilk\u00e5rene i denne refusjonspolicyen, ber vi deg om ikke \u00e5 legge inn en bestilling hos oss. Vennligst kontakt oss p\u00e5 <a href=\"mailto:support@traderscale.com\">support@traderscale.com<\/a> hvis du har sp\u00f8rsm\u00e5l om v\u00e5r refusjonspolicy.<\/div>\r\n<\/div>\r\n\r\n","protected":false},"excerpt":{"rendered":"<p>Avbestillings- og refusjonspolicy Etter at betalingen for kj\u00f8pet av et av v\u00e5re programmer er bekreftet, vil du motta en e-post med innloggingsdetaljene for \u00e5 f\u00e5 tilgang til din handelsplattform. N\u00e5r denne informasjonen er sendt til deg p\u00e5 e-post, vil ingen refusjon bli gitt. I spesifikke tilfeller og for assistanse, vennligst send en e-post til support@traderscale.com [&hellip;]<\/p>\n","protected":false},"author":526,"featured_media":0,"parent":0,"menu_order":0,"comment_status":"closed","ping_status":"closed","template":"page-new.php","meta":{"om_disable_all_campaigns":false,"footnotes":""},"class_list":["post-22522","page","type-page","status-publish","hentry"],"yoast_head":"<!-- This site is optimized with the Yoast SEO plugin v27.3 - https:\/\/yoast.com\/product\/yoast-seo-wordpress\/ -->\n<title>Politikk for tilbakebetaling - Accelerate Your Financial Journey with a Fully Funded Trading Account<\/title>\n<meta name=\"robots\" content=\"noindex, follow, max-snippet:-1, max-image-preview:large, max-video-preview:-1\" \/>\n<meta property=\"og:locale\" content=\"nb_NO\" \/>\n<meta property=\"og:type\" content=\"article\" \/>\n<meta property=\"og:title\" content=\"Politikk for tilbakebetaling - Accelerate Your Financial Journey with a Fully Funded Trading Account\" \/>\n<meta property=\"og:description\" content=\"Avbestillings- og refusjonspolicy Etter at betalingen for kj\u00f8pet av et av v\u00e5re programmer er bekreftet, vil du motta en e-post med innloggingsdetaljene for \u00e5 f\u00e5 tilgang til din handelsplattform. N\u00e5r denne informasjonen er sendt til deg p\u00e5 e-post, vil ingen refusjon bli gitt. I spesifikke tilfeller og for assistanse, vennligst send en e-post til support@traderscale.com [&hellip;]\" \/>\n<meta property=\"og:url\" content=\"https:\/\/dev2.traderscale.com\/no\/politikk-for-tilbakebetaling\/\" \/>\n<meta property=\"og:site_name\" content=\"Accelerate Your Financial Journey with a Fully Funded Trading Account\" \/>\n<meta property=\"article:publisher\" content=\"https:\/\/www.facebook.com\/profile.php?id=61556992185100#\" \/>\n<meta property=\"article:modified_time\" content=\"2025-04-23T08:42:22+00:00\" \/>\n<meta name=\"twitter:card\" content=\"summary_large_image\" \/>\n<script type=\"application\/ld+json\" class=\"yoast-schema-graph\">{\"@context\":\"https:\\\/\\\/schema.org\",\"@graph\":[{\"@type\":\"WebPage\",\"@id\":\"https:\\\/\\\/dev2.traderscale.com\\\/no\\\/politikk-for-tilbakebetaling\\\/\",\"url\":\"https:\\\/\\\/dev2.traderscale.com\\\/no\\\/politikk-for-tilbakebetaling\\\/\",\"name\":\"Politikk for tilbakebetaling - Accelerate Your Financial Journey with a Fully Funded Trading Account\",\"isPartOf\":{\"@id\":\"https:\\\/\\\/dev2.traderscale.com\\\/no\\\/#website\"},\"datePublished\":\"2024-02-20T20:28:51+00:00\",\"dateModified\":\"2025-04-23T08:42:22+00:00\",\"breadcrumb\":{\"@id\":\"https:\\\/\\\/dev2.traderscale.com\\\/no\\\/politikk-for-tilbakebetaling\\\/#breadcrumb\"},\"inLanguage\":\"nb-NO\",\"potentialAction\":[{\"@type\":\"ReadAction\",\"target\":[\"https:\\\/\\\/dev2.traderscale.com\\\/no\\\/politikk-for-tilbakebetaling\\\/\"]}]},{\"@type\":\"BreadcrumbList\",\"@id\":\"https:\\\/\\\/dev2.traderscale.com\\\/no\\\/politikk-for-tilbakebetaling\\\/#breadcrumb\",\"itemListElement\":[{\"@type\":\"ListItem\",\"position\":1,\"name\":\"Home\",\"item\":\"https:\\\/\\\/dev2.traderscale.com\\\/no\\\/hjem-2025\\\/\"},{\"@type\":\"ListItem\",\"position\":2,\"name\":\"Politikk for tilbakebetaling\"}]},{\"@type\":\"WebSite\",\"@id\":\"https:\\\/\\\/dev2.traderscale.com\\\/no\\\/#website\",\"url\":\"https:\\\/\\\/dev2.traderscale.com\\\/no\\\/\",\"name\":\"Traderscale\",\"description\":\"\",\"publisher\":{\"@id\":\"https:\\\/\\\/dev2.traderscale.com\\\/no\\\/#organization\"},\"potentialAction\":[{\"@type\":\"SearchAction\",\"target\":{\"@type\":\"EntryPoint\",\"urlTemplate\":\"https:\\\/\\\/dev2.traderscale.com\\\/no\\\/?s={search_term_string}\"},\"query-input\":{\"@type\":\"PropertyValueSpecification\",\"valueRequired\":true,\"valueName\":\"search_term_string\"}}],\"inLanguage\":\"nb-NO\"},{\"@type\":\"Organization\",\"@id\":\"https:\\\/\\\/dev2.traderscale.com\\\/no\\\/#organization\",\"name\":\"Traderscale\",\"url\":\"https:\\\/\\\/dev2.traderscale.com\\\/no\\\/\",\"logo\":{\"@type\":\"ImageObject\",\"inLanguage\":\"nb-NO\",\"@id\":\"https:\\\/\\\/dev2.traderscale.com\\\/no\\\/#\\\/schema\\\/logo\\\/image\\\/\",\"url\":\"https:\\\/\\\/dev2.traderscale.com\\\/wp-content\\\/uploads\\\/2025\\\/04\\\/dark.png\",\"contentUrl\":\"https:\\\/\\\/dev2.traderscale.com\\\/wp-content\\\/uploads\\\/2025\\\/04\\\/dark.png\",\"width\":240,\"height\":161,\"caption\":\"Traderscale\"},\"image\":{\"@id\":\"https:\\\/\\\/dev2.traderscale.com\\\/no\\\/#\\\/schema\\\/logo\\\/image\\\/\"},\"sameAs\":[\"https:\\\/\\\/www.facebook.com\\\/profile.php?id=61556992185100#\",\"https:\\\/\\\/www.youtube.com\\\/@Traderscale_com\\\/videos\",\"https:\\\/\\\/www.instagram.com\\\/traderscalepro\\\/\"]}]}<\/script>\n<!-- \/ Yoast SEO plugin. -->","yoast_head_json":{"title":"Politikk for tilbakebetaling - Accelerate Your Financial Journey with a Fully Funded Trading Account","robots":{"index":"noindex","follow":"follow","max-snippet":"max-snippet:-1","max-image-preview":"max-image-preview:large","max-video-preview":"max-video-preview:-1"},"og_locale":"nb_NO","og_type":"article","og_title":"Politikk for tilbakebetaling - Accelerate Your Financial Journey with a Fully Funded Trading Account","og_description":"Avbestillings- og refusjonspolicy Etter at betalingen for kj\u00f8pet av et av v\u00e5re programmer er bekreftet, vil du motta en e-post med innloggingsdetaljene for \u00e5 f\u00e5 tilgang til din handelsplattform. N\u00e5r denne informasjonen er sendt til deg p\u00e5 e-post, vil ingen refusjon bli gitt. I spesifikke tilfeller og for assistanse, vennligst send en e-post til support@traderscale.com [&hellip;]","og_url":"https:\/\/dev2.traderscale.com\/no\/politikk-for-tilbakebetaling\/","og_site_name":"Accelerate Your Financial Journey with a Fully Funded Trading Account","article_publisher":"https:\/\/www.facebook.com\/profile.php?id=61556992185100#","article_modified_time":"2025-04-23T08:42:22+00:00","twitter_card":"summary_large_image","schema":{"@context":"https:\/\/schema.org","@graph":[{"@type":"WebPage","@id":"https:\/\/dev2.traderscale.com\/no\/politikk-for-tilbakebetaling\/","url":"https:\/\/dev2.traderscale.com\/no\/politikk-for-tilbakebetaling\/","name":"Politikk for tilbakebetaling - Accelerate Your Financial Journey with a Fully Funded Trading Account","isPartOf":{"@id":"https:\/\/dev2.traderscale.com\/no\/#website"},"datePublished":"2024-02-20T20:28:51+00:00","dateModified":"2025-04-23T08:42:22+00:00","breadcrumb":{"@id":"https:\/\/dev2.traderscale.com\/no\/politikk-for-tilbakebetaling\/#breadcrumb"},"inLanguage":"nb-NO","potentialAction":[{"@type":"ReadAction","target":["https:\/\/dev2.traderscale.com\/no\/politikk-for-tilbakebetaling\/"]}]},{"@type":"BreadcrumbList","@id":"https:\/\/dev2.traderscale.com\/no\/politikk-for-tilbakebetaling\/#breadcrumb","itemListElement":[{"@type":"ListItem","position":1,"name":"Home","item":"https:\/\/dev2.traderscale.com\/no\/hjem-2025\/"},{"@type":"ListItem","position":2,"name":"Politikk for tilbakebetaling"}]},{"@type":"WebSite","@id":"https:\/\/dev2.traderscale.com\/no\/#website","url":"https:\/\/dev2.traderscale.com\/no\/","name":"Traderscale","description":"","publisher":{"@id":"https:\/\/dev2.traderscale.com\/no\/#organization"},"potentialAction":[{"@type":"SearchAction","target":{"@type":"EntryPoint","urlTemplate":"https:\/\/dev2.traderscale.com\/no\/?s={search_term_string}"},"query-input":{"@type":"PropertyValueSpecification","valueRequired":true,"valueName":"search_term_string"}}],"inLanguage":"nb-NO"},{"@type":"Organization","@id":"https:\/\/dev2.traderscale.com\/no\/#organization","name":"Traderscale","url":"https:\/\/dev2.traderscale.com\/no\/","logo":{"@type":"ImageObject","inLanguage":"nb-NO","@id":"https:\/\/dev2.traderscale.com\/no\/#\/schema\/logo\/image\/","url":"https:\/\/dev2.traderscale.com\/wp-content\/uploads\/2025\/04\/dark.png","contentUrl":"https:\/\/dev2.traderscale.com\/wp-content\/uploads\/2025\/04\/dark.png","width":240,"height":161,"caption":"Traderscale"},"image":{"@id":"https:\/\/dev2.traderscale.com\/no\/#\/schema\/logo\/image\/"},"sameAs":["https:\/\/www.facebook.com\/profile.php?id=61556992185100#","https:\/\/www.youtube.com\/@Traderscale_com\/videos","https:\/\/www.instagram.com\/traderscalepro\/"]}]}},"_links":{"self":[{"href":"https:\/\/dev2.traderscale.com\/no\/wp-json\/wp\/v2\/pages\/22522","targetHints":{"allow":["GET"]}}],"collection":[{"href":"https:\/\/dev2.traderscale.com\/no\/wp-json\/wp\/v2\/pages"}],"about":[{"href":"https:\/\/dev2.traderscale.com\/no\/wp-json\/wp\/v2\/types\/page"}],"author":[{"embeddable":true,"href":"https:\/\/dev2.traderscale.com\/no\/wp-json\/wp\/v2\/users\/526"}],"replies":[{"embeddable":true,"href":"https:\/\/dev2.traderscale.com\/no\/wp-json\/wp\/v2\/comments?post=22522"}],"version-history":[{"count":1,"href":"https:\/\/dev2.traderscale.com\/no\/wp-json\/wp\/v2\/pages\/22522\/revisions"}],"predecessor-version":[{"id":22523,"href":"https:\/\/dev2.traderscale.com\/no\/wp-json\/wp\/v2\/pages\/22522\/revisions\/22523"}],"wp:attachment":[{"href":"https:\/\/dev2.traderscale.com\/no\/wp-json\/wp\/v2\/media?parent=22522"}],"curies":[{"name":"wp","href":"https:\/\/api.w.org\/{rel}","templated":true}]}}