{"id":22065,"date":"2024-02-06T10:03:28","date_gmt":"2024-02-06T15:03:28","guid":{"rendered":"https:\/\/dev2.traderscale.com\/retningslinjer-for-personvern\/"},"modified":"2024-02-06T10:03:28","modified_gmt":"2024-02-06T15:03:28","slug":"retningslinjer-for-personvern","status":"publish","type":"page","link":"https:\/\/dev2.traderscale.com\/no\/retningslinjer-for-personvern\/","title":{"rendered":"Retningslinjer for personvern"},"content":{"rendered":"<p><strong>1. Innledning:<\/strong> Denne personvernerkl\u00e6ringen (&laquo;erkl\u00e6ringen&raquo;) gjelder Tradelytic FCZO, som handler under navnet Traderscale.com (&laquo;vi&raquo;, &laquo;v\u00e5r&raquo; eller &laquo;selskapet&raquo;). Disse retningslinjene beskriver hvordan selskapet samler inn, vedlikeholder, bruker og avsl\u00f8rer personlig informasjon om v\u00e5re kunder (&laquo;du&raquo;, &laquo;din&raquo; eller &laquo;kunden&raquo;). Den gjelder b\u00e5de eksisterende og potensielle kunder, samt alle bes\u00f8kende p\u00e5 selskapets nettsted. Vi opptrer som behandlingsansvarlige i samsvar med personvernlovgivningen. Selskapet er forpliktet til \u00e5 beskytte personvernet til alle personopplysninger, som definert her, som innhentes fra deg, inkludert informasjon som innhentes under dine bes\u00f8k p\u00e5 dette nettstedet. Disse retningslinjene b\u00f8r leses sammen med v\u00e5re vilk\u00e5r og betingelser, som er tilgjengelige p\u00e5 nettstedet v\u00e5rt p\u00e5 <a href=\"https:\/\/dev2.traderscale.com\/\" target=\"_new\" rel=\"noopener\">www.traderscale.com<\/a> (&laquo;nettstedet&raquo;), og eventuelle andre avtaler som er gitt.     <\/p>\n<p>&nbsp;<\/p>\n<p><strong>2. Hvilke personopplysninger samler vi inn og hvordan?<\/strong>  Selskapet samler inn og oppbevarer personopplysninger om deg n\u00e5r du fyller ut en nettbasert s\u00f8knad om en live- eller demokonto eller etter vellykket deltakelse i utfordringer som tilbys p\u00e5 nettstedet v\u00e5rt. Vi samler inn spesifikke personopplysninger for \u00e5 effektivt im\u00f8tekomme v\u00e5re kunders behov og forbedre tjenestene v\u00e5re. &laquo;Personopplysninger&raquo; refererer til personopplysninger du oppgir direkte til oss, eller opplysninger vi samler inn mens vi leverer tjenester til deg og gjennom din bruk av nettstedet v\u00e5rt. Vi f\u00f8lger global praksis for databeskyttelse. Personopplysninger som samles inn, inkluderer, men er ikke begrenset til:    <\/p>\n<ul>\n<li>Informasjon du oppgir, for eksempel navn, adresse, f\u00f8dselsdato, telefonnummer, e-postadresse, identitetsbekreftelsesdokumenter (f.eks. pass og ID), regninger, kontoutskrifter eller selskapsinformasjon, finansiell informasjon som estimert \u00e5rsinntekt og nettoformue, handelserfaring og investeringskunnskap.<\/li>\n<li>Data som samles inn automatisk n\u00e5r du bruker tjenestene v\u00e5re, inkludert IP-adresser, enhetstype, operativsystem, land som bes\u00f8ker nettstedet, innloggings- og utloggingsdetaljer, kontoinnstillinger, tilpassede utfordringer, valuta, typer transaksjoner og kommunikasjon, enten det er elektronisk eller via telefon.<\/li>\n<li>Automatisk innsamlede data om de simulerte transaksjonene dine, inkludert type utfordring, finansielt instrument, tidspunkt for \u00e5pning eller lukking av posisjoner, investeringsbel\u00f8p, fortjeneste og tap.<\/li>\n<li>Automatisk innsamlede data under bes\u00f8kene dine p\u00e5 nettstedet, for eksempel bes\u00f8kte omr\u00e5der p\u00e5 nettstedet, viste sider, bes\u00f8ksfrekvens og -varighet samt henvisende nettsteder.<\/li>\n<\/ul>\n<p>&nbsp;<\/p>\n<p><strong>3. Hvorfor bruker vi personopplysningene dine?<\/strong>  Selskapet kan bruke opplysningene dine til ett eller flere av f\u00f8lgende form\u00e5l:<\/p>\n<ul>\n<li>Bekreftelse av identiteten din.<\/li>\n<li>Vedlikehold av din personlige profil.<\/li>\n<li>Vurdere om du er egnet for v\u00e5re produkter og tjenester.<\/li>\n<li>Levere forespurte tjenester, inkludert behandling av transaksjoner.<\/li>\n<li>Tilbyr transaksjonsrelaterte tjenester.<\/li>\n<li>Informere deg om produkter og tjenester av interesse.<\/li>\n<li>Holde deg oppdatert om relevante saker.<\/li>\n<li>Skreddersy nettstedet til dine behov.<\/li>\n<li>Analyserer upersonlige statistiske data for \u00e5 forbedre produkter og tjenester.<\/li>\n<li>Administrere kontoen din og overv\u00e5ke dens oppf\u00f8rsel, inkludert kredittgrenser.<\/li>\n<li>Videregivelse av personopplysningene dine til tredjeparter for markedsf\u00f8ringsform\u00e5l.<\/li>\n<\/ul>\n<p>&nbsp;<\/p>\n<p><strong>4. Hva er det rettslige grunnlaget for \u00e5 behandle personopplysningene dine?<\/strong><\/p>\n<ul>\n<li>For \u00e5 utf\u00f8re v\u00e5re tjenester til deg, inkludert kontraktsmessige forpliktelser og overholdelse av juridiske forpliktelser som &laquo;Kjenn din kunde&raquo;- og &laquo;Customer Due Diligence&raquo;-krav.<\/li>\n<li>For \u00e5 overholde juridiske forpliktelser, inkludert lover om hvitvasking av penger, terrorfinansiering, finansielle tjenester og databeskyttelse.<\/li>\n<li>For \u00e5 ivareta legitime interesser, for eksempel kunderelasjoner, rettssaker, direkte markedsf\u00f8ring, forebygging av bedrageri og nettverkssikkerhet.<\/li>\n<li>Med ditt samtykke, for \u00e5 tilby v\u00e5re produkter, tjenester eller etterspurt informasjon.<\/li>\n<li>\n<\/li>\n<\/ul>\n<p>&nbsp;<\/p>\n<p><strong>5. Hvor lenge oppbevarer vi personopplysningene dine?<\/strong>  Personopplysninger behandles i den grad det er n\u00f8dvendig for \u00e5 levere tjenester og s\u00e5 lenge det er lovp\u00e5lagt. Vi oppbevarer personopplysninger i minst syv (7) \u00e5r, regnet fra den siste transaksjonen eller avslutningen av forretningsforholdet, avhengig av hva som kommer sist. <\/p>\n<p>&nbsp;<\/p>\n<p><strong>6. Hvor og hvorfor vil vi utlevere personopplysningene dine?<\/strong>  Selskapet utleverer ikke konfidensiell informasjon til tredjeparter med mindre:<\/p>\n<ul>\n<li>P\u00e5krevd i henhold til gjeldende lover, regler og forskrifter.<\/li>\n<li>N\u00f8dvendig for legitime forretningsinteresser, inkludert leverand\u00f8rer av betalingstjenester og bankinstitusjoner.<\/li>\n<li>Som svar p\u00e5 foresp\u00f8rsler fra kompetente myndigheter, tilsynsorganer, offentlige enheter eller med ditt samtykke.<\/li>\n<li>For \u00e5 beskytte rettigheter, overholde rettskjennelser, forhindre svindel, overholde juridiske prosesser eller ivareta brukernes personlige sikkerhet.<\/li>\n<\/ul>\n<p>Selskapet kan ogs\u00e5 utlevere personopplysningene dine til tredjeparter n\u00e5r det er n\u00f8dvendig for \u00e5:<\/p>\n<ul>\n<li>Beskytt rettighetene v\u00e5re.<\/li>\n<li>F\u00f8lge juridiske p\u00e5bud.<\/li>\n<li>Ivareta selskapets rettigheter, nettsteder og offentlige interesser.<\/li>\n<li>Samarbeide med tredjepartsbehandlere.<\/li>\n<li>Benytt leverand\u00f8rer for begrensede tjenester.<\/li>\n<li>Samhandle med finansinstitusjoner og organisasjoner.<\/li>\n<li>Engasjer eksterne tjenesteleverand\u00f8rer og profesjonelle r\u00e5dgivere.<\/li>\n<li>Utf\u00f8re transaksjonsbehandling eller forespurte tjenester.<\/li>\n<li>Overholde lovp\u00e5lagte krav eller myndighetskrav.<\/li>\n<li>Gi statistiske data til forretningspartnere, og s\u00f8rg for anonymitet.<\/li>\n<\/ul>\n<p>&nbsp;<\/p>\n<p><strong>7. Prosessorer<\/strong> Prosessorer m\u00e5:<\/p>\n<ul>\n<li>Informere sine ansatte om personopplysningenes konfidensielle natur.<\/li>\n<li>Behandle personopplysninger i samsvar med alle gjeldende lover og forskrifter.<\/li>\n<\/ul>\n<p>Behandlere er ansvarlige for eventuelle kostnader, krav, skader eller utgifter som selskapet p\u00e5drar seg p\u00e5 grunn av deres manglende overholdelse av forpliktelsene i henhold til denne personvernerkl\u00e6ringen.<\/p>\n<p>&nbsp;<\/p>\n<p>&nbsp;<\/p>\n<p><strong>8. Vi kan overf\u00f8re opplysningene dine utenfor Det europeiske \u00f8konomiske samarbeidsomr\u00e5det (&laquo;E\u00d8S&raquo;)<\/strong> Selskapet forbeholder seg retten til \u00e5 overf\u00f8re personopplysningene dine innenfor eller utenfor E\u00d8S til tjenesteleverand\u00f8rer og databehandlere. Slike overf\u00f8ringer vil v\u00e6re i samsvar med loven og sikre overholdelse av europeiske databeskyttelseslover eller gjeldende databeskyttelseslover i tredjeland. Vi tar skritt for \u00e5 sikre sikker dataoverf\u00f8ring i tr\u00e5d med denne personvernerkl\u00e6ringen.  <\/p>\n<p>&nbsp;<\/p>\n<p>&nbsp;<\/p>\n<p><strong>9. Hvilke rettigheter har du?<\/strong>  Du er ikke forpliktet til \u00e5 oppgi personopplysninger til selskapet. Hvis du ikke gj\u00f8r det, kan det imidlertid hende at vi ikke kan bekrefte kontoen din eller levere tillatte tjenester og produkter. I henhold til gjeldende personvernlovgivning har du rett til \u00e5:  <\/p>\n<ul>\n<li>Be om tilgang til personopplysningene vi har om deg.<\/li>\n<li>Korriger eventuelle feil som oppfattes som un\u00f8yaktigheter.<\/li>\n<li>Be om sletting av personopplysningene dine, med unntak av det som kreves av loven.<\/li>\n<li>Informer oss om endringer i personopplysninger eller foresp\u00f8rsler om sletting via e-post til <a target=\"_new\" rel=\"noopener\">support@traderscale.com.<\/a><\/li>\n<\/ul>\n<p>Kontakt selskapet hvis du har sp\u00f8rsm\u00e5l, klager eller foresp\u00f8rsler. Hvis en klage forblir ul\u00f8st, kan du klage til Datatilsynet. <\/p>\n<p>&nbsp;<\/p>\n<p>&nbsp;<\/p>\n<p><strong>10. Samtykke<\/strong> Ved \u00e5 g\u00e5 inn p\u00e5 dette nettstedet samtykker du til at selskapet samler inn, vedlikeholder, bruker og utleverer personopplysninger i henhold til denne personvernerkl\u00e6ringen.<\/p>\n<p>&nbsp;<\/p>\n<p>&nbsp;<\/p>\n<p><strong>11. Lenker<\/strong> Denne personvernerkl\u00e6ringen gjelder ikke for andre nettsteder du kan f\u00e5 tilgang til via v\u00e5re. Vi oppfordrer deg til \u00e5 gjennomg\u00e5 og sette deg inn i personvernerkl\u00e6ringene til nettstedene det lenkes til. <\/p>\n<p>&nbsp;<\/p>\n<p>&nbsp;<\/p>\n<p><strong>12. Vi bruker<\/strong> informasjonskapsler Selskapet bruker informasjonskapsler for \u00e5 samle inn informasjon om din tilgang til nettstedet og tjenestene v\u00e5re. For utfyllende informasjon, se Selskapets retningslinjer for informasjonskapsler. Informasjonskapsler er sm\u00e5 biter av informasjon som lagres p\u00e5 enheten din, og som muliggj\u00f8r en unik identifikasjonskode. De fleste nettlesere godtar informasjonskapsler, men du kan justere innstillingene slik at de avvises. Det anbefales imidlertid \u00e5 aktivere informasjonskapsler for \u00e5 f\u00e5 en optimal opplevelse av nettstedet.    <\/p>\n<p>&nbsp;<\/p>\n<p>&nbsp;<\/p>\n<p><strong>13. Vi bruker strenge sikkerhetstiltak<\/strong> Selskapet iverksetter robuste tiltak for \u00e5 beskytte Personopplysninger mot uautorisert tilgang. Kun autorisert personell og tjenesteleverand\u00f8rer med et legitimt behov har tilgang til personopplysninger. Det er forbudt \u00e5 dele p\u00e5loggingsinformasjon med tredjeparter. Strenge forholdsregler beskytter mot tap, tyveri, misbruk, endring eller \u00f8deleggelse av personopplysninger.   <\/p>\n<p>&nbsp;<\/p>\n<p>&nbsp;<\/p>\n<p><strong>14. Vi vil endre denne erkl\u00e6ringen<\/strong> Selskapet forbeholder seg retten til \u00e5 revidere denne personvernerkl\u00e6ringen med jevne mellomrom. Bes\u00f8k nettstedet v\u00e5rt for den nyeste versjonen. Ved \u00e5 bruke nettstedet etter at endringer er publisert, godtar du disse endringene.  <\/p>\n<p>Sist oppdatert den 6\/2\/2024. Opphavsrett \u00a9 2024 Traderscale. Alle rettigheter forbeholdt.  <\/p>\n","protected":false},"excerpt":{"rendered":"<p>1. Innledning: Denne personvernerkl\u00e6ringen (&laquo;erkl\u00e6ringen&raquo;) gjelder Tradelytic FCZO, som handler under navnet Traderscale.com (&laquo;vi&raquo;, &laquo;v\u00e5r&raquo; eller &laquo;selskapet&raquo;). Disse retningslinjene beskriver hvordan selskapet samler inn, vedlikeholder, bruker og avsl\u00f8rer personlig informasjon om v\u00e5re kunder (&laquo;du&raquo;, &laquo;din&raquo; eller &laquo;kunden&raquo;). Den gjelder b\u00e5de eksisterende og potensielle kunder, samt alle bes\u00f8kende p\u00e5 selskapets nettsted. Vi opptrer som behandlingsansvarlige i [&hellip;]<\/p>\n","protected":false},"author":1,"featured_media":0,"parent":0,"menu_order":0,"comment_status":"closed","ping_status":"closed","template":"page-new.php","meta":{"om_disable_all_campaigns":false,"footnotes":""},"class_list":["post-22065","page","type-page","status-publish","hentry"],"yoast_head":"<!-- This site is optimized with the Yoast SEO plugin v27.3 - https:\/\/yoast.com\/product\/yoast-seo-wordpress\/ -->\n<title>Retningslinjer for personvern - Accelerate Your Financial Journey with a Fully Funded Trading Account<\/title>\n<meta name=\"robots\" content=\"noindex, follow, max-snippet:-1, max-image-preview:large, max-video-preview:-1\" \/>\n<meta property=\"og:locale\" content=\"nb_NO\" \/>\n<meta property=\"og:type\" content=\"article\" \/>\n<meta property=\"og:title\" content=\"Retningslinjer for personvern - Accelerate Your Financial Journey with a Fully Funded Trading Account\" \/>\n<meta property=\"og:description\" content=\"1. Innledning: Denne personvernerkl\u00e6ringen (&laquo;erkl\u00e6ringen&raquo;) gjelder Tradelytic FCZO, som handler under navnet Traderscale.com (&laquo;vi&raquo;, &laquo;v\u00e5r&raquo; eller &laquo;selskapet&raquo;). Disse retningslinjene beskriver hvordan selskapet samler inn, vedlikeholder, bruker og avsl\u00f8rer personlig informasjon om v\u00e5re kunder (&laquo;du&raquo;, &laquo;din&raquo; eller &laquo;kunden&raquo;). Den gjelder b\u00e5de eksisterende og potensielle kunder, samt alle bes\u00f8kende p\u00e5 selskapets nettsted. Vi opptrer som behandlingsansvarlige i [&hellip;]\" \/>\n<meta property=\"og:url\" content=\"https:\/\/dev2.traderscale.com\/no\/retningslinjer-for-personvern\/\" \/>\n<meta property=\"og:site_name\" content=\"Accelerate Your Financial Journey with a Fully Funded Trading Account\" \/>\n<meta property=\"article:publisher\" content=\"https:\/\/www.facebook.com\/profile.php?id=61556992185100#\" \/>\n<meta name=\"twitter:card\" content=\"summary_large_image\" \/>\n<meta name=\"twitter:label1\" content=\"Ansl. lesetid\" \/>\n\t<meta name=\"twitter:data1\" content=\"6 minutter\" \/>\n<script type=\"application\/ld+json\" class=\"yoast-schema-graph\">{\"@context\":\"https:\\\/\\\/schema.org\",\"@graph\":[{\"@type\":\"WebPage\",\"@id\":\"https:\\\/\\\/dev2.traderscale.com\\\/no\\\/retningslinjer-for-personvern\\\/\",\"url\":\"https:\\\/\\\/dev2.traderscale.com\\\/no\\\/retningslinjer-for-personvern\\\/\",\"name\":\"Retningslinjer for personvern - Accelerate Your Financial Journey with a Fully Funded Trading Account\",\"isPartOf\":{\"@id\":\"https:\\\/\\\/dev2.traderscale.com\\\/no\\\/#website\"},\"datePublished\":\"2024-02-06T15:03:28+00:00\",\"breadcrumb\":{\"@id\":\"https:\\\/\\\/dev2.traderscale.com\\\/no\\\/retningslinjer-for-personvern\\\/#breadcrumb\"},\"inLanguage\":\"nb-NO\",\"potentialAction\":[{\"@type\":\"ReadAction\",\"target\":[\"https:\\\/\\\/dev2.traderscale.com\\\/no\\\/retningslinjer-for-personvern\\\/\"]}]},{\"@type\":\"BreadcrumbList\",\"@id\":\"https:\\\/\\\/dev2.traderscale.com\\\/no\\\/retningslinjer-for-personvern\\\/#breadcrumb\",\"itemListElement\":[{\"@type\":\"ListItem\",\"position\":1,\"name\":\"Home\",\"item\":\"https:\\\/\\\/dev2.traderscale.com\\\/no\\\/hjem-2025\\\/\"},{\"@type\":\"ListItem\",\"position\":2,\"name\":\"Retningslinjer for personvern\"}]},{\"@type\":\"WebSite\",\"@id\":\"https:\\\/\\\/dev2.traderscale.com\\\/no\\\/#website\",\"url\":\"https:\\\/\\\/dev2.traderscale.com\\\/no\\\/\",\"name\":\"Traderscale\",\"description\":\"\",\"publisher\":{\"@id\":\"https:\\\/\\\/dev2.traderscale.com\\\/no\\\/#organization\"},\"potentialAction\":[{\"@type\":\"SearchAction\",\"target\":{\"@type\":\"EntryPoint\",\"urlTemplate\":\"https:\\\/\\\/dev2.traderscale.com\\\/no\\\/?s={search_term_string}\"},\"query-input\":{\"@type\":\"PropertyValueSpecification\",\"valueRequired\":true,\"valueName\":\"search_term_string\"}}],\"inLanguage\":\"nb-NO\"},{\"@type\":\"Organization\",\"@id\":\"https:\\\/\\\/dev2.traderscale.com\\\/no\\\/#organization\",\"name\":\"Traderscale\",\"url\":\"https:\\\/\\\/dev2.traderscale.com\\\/no\\\/\",\"logo\":{\"@type\":\"ImageObject\",\"inLanguage\":\"nb-NO\",\"@id\":\"https:\\\/\\\/dev2.traderscale.com\\\/no\\\/#\\\/schema\\\/logo\\\/image\\\/\",\"url\":\"https:\\\/\\\/dev2.traderscale.com\\\/wp-content\\\/uploads\\\/2025\\\/04\\\/dark.png\",\"contentUrl\":\"https:\\\/\\\/dev2.traderscale.com\\\/wp-content\\\/uploads\\\/2025\\\/04\\\/dark.png\",\"width\":240,\"height\":161,\"caption\":\"Traderscale\"},\"image\":{\"@id\":\"https:\\\/\\\/dev2.traderscale.com\\\/no\\\/#\\\/schema\\\/logo\\\/image\\\/\"},\"sameAs\":[\"https:\\\/\\\/www.facebook.com\\\/profile.php?id=61556992185100#\",\"https:\\\/\\\/www.youtube.com\\\/@Traderscale_com\\\/videos\",\"https:\\\/\\\/www.instagram.com\\\/traderscalepro\\\/\"]}]}<\/script>\n<!-- \/ Yoast SEO plugin. -->","yoast_head_json":{"title":"Retningslinjer for personvern - Accelerate Your Financial Journey with a Fully Funded Trading Account","robots":{"index":"noindex","follow":"follow","max-snippet":"max-snippet:-1","max-image-preview":"max-image-preview:large","max-video-preview":"max-video-preview:-1"},"og_locale":"nb_NO","og_type":"article","og_title":"Retningslinjer for personvern - Accelerate Your Financial Journey with a Fully Funded Trading Account","og_description":"1. Innledning: Denne personvernerkl\u00e6ringen (&laquo;erkl\u00e6ringen&raquo;) gjelder Tradelytic FCZO, som handler under navnet Traderscale.com (&laquo;vi&raquo;, &laquo;v\u00e5r&raquo; eller &laquo;selskapet&raquo;). Disse retningslinjene beskriver hvordan selskapet samler inn, vedlikeholder, bruker og avsl\u00f8rer personlig informasjon om v\u00e5re kunder (&laquo;du&raquo;, &laquo;din&raquo; eller &laquo;kunden&raquo;). Den gjelder b\u00e5de eksisterende og potensielle kunder, samt alle bes\u00f8kende p\u00e5 selskapets nettsted. Vi opptrer som behandlingsansvarlige i [&hellip;]","og_url":"https:\/\/dev2.traderscale.com\/no\/retningslinjer-for-personvern\/","og_site_name":"Accelerate Your Financial Journey with a Fully Funded Trading Account","article_publisher":"https:\/\/www.facebook.com\/profile.php?id=61556992185100#","twitter_card":"summary_large_image","twitter_misc":{"Ansl. lesetid":"6 minutter"},"schema":{"@context":"https:\/\/schema.org","@graph":[{"@type":"WebPage","@id":"https:\/\/dev2.traderscale.com\/no\/retningslinjer-for-personvern\/","url":"https:\/\/dev2.traderscale.com\/no\/retningslinjer-for-personvern\/","name":"Retningslinjer for personvern - Accelerate Your Financial Journey with a Fully Funded Trading Account","isPartOf":{"@id":"https:\/\/dev2.traderscale.com\/no\/#website"},"datePublished":"2024-02-06T15:03:28+00:00","breadcrumb":{"@id":"https:\/\/dev2.traderscale.com\/no\/retningslinjer-for-personvern\/#breadcrumb"},"inLanguage":"nb-NO","potentialAction":[{"@type":"ReadAction","target":["https:\/\/dev2.traderscale.com\/no\/retningslinjer-for-personvern\/"]}]},{"@type":"BreadcrumbList","@id":"https:\/\/dev2.traderscale.com\/no\/retningslinjer-for-personvern\/#breadcrumb","itemListElement":[{"@type":"ListItem","position":1,"name":"Home","item":"https:\/\/dev2.traderscale.com\/no\/hjem-2025\/"},{"@type":"ListItem","position":2,"name":"Retningslinjer for personvern"}]},{"@type":"WebSite","@id":"https:\/\/dev2.traderscale.com\/no\/#website","url":"https:\/\/dev2.traderscale.com\/no\/","name":"Traderscale","description":"","publisher":{"@id":"https:\/\/dev2.traderscale.com\/no\/#organization"},"potentialAction":[{"@type":"SearchAction","target":{"@type":"EntryPoint","urlTemplate":"https:\/\/dev2.traderscale.com\/no\/?s={search_term_string}"},"query-input":{"@type":"PropertyValueSpecification","valueRequired":true,"valueName":"search_term_string"}}],"inLanguage":"nb-NO"},{"@type":"Organization","@id":"https:\/\/dev2.traderscale.com\/no\/#organization","name":"Traderscale","url":"https:\/\/dev2.traderscale.com\/no\/","logo":{"@type":"ImageObject","inLanguage":"nb-NO","@id":"https:\/\/dev2.traderscale.com\/no\/#\/schema\/logo\/image\/","url":"https:\/\/dev2.traderscale.com\/wp-content\/uploads\/2025\/04\/dark.png","contentUrl":"https:\/\/dev2.traderscale.com\/wp-content\/uploads\/2025\/04\/dark.png","width":240,"height":161,"caption":"Traderscale"},"image":{"@id":"https:\/\/dev2.traderscale.com\/no\/#\/schema\/logo\/image\/"},"sameAs":["https:\/\/www.facebook.com\/profile.php?id=61556992185100#","https:\/\/www.youtube.com\/@Traderscale_com\/videos","https:\/\/www.instagram.com\/traderscalepro\/"]}]}},"_links":{"self":[{"href":"https:\/\/dev2.traderscale.com\/no\/wp-json\/wp\/v2\/pages\/22065","targetHints":{"allow":["GET"]}}],"collection":[{"href":"https:\/\/dev2.traderscale.com\/no\/wp-json\/wp\/v2\/pages"}],"about":[{"href":"https:\/\/dev2.traderscale.com\/no\/wp-json\/wp\/v2\/types\/page"}],"author":[{"embeddable":true,"href":"https:\/\/dev2.traderscale.com\/no\/wp-json\/wp\/v2\/users\/1"}],"replies":[{"embeddable":true,"href":"https:\/\/dev2.traderscale.com\/no\/wp-json\/wp\/v2\/comments?post=22065"}],"version-history":[{"count":0,"href":"https:\/\/dev2.traderscale.com\/no\/wp-json\/wp\/v2\/pages\/22065\/revisions"}],"wp:attachment":[{"href":"https:\/\/dev2.traderscale.com\/no\/wp-json\/wp\/v2\/media?parent=22065"}],"curies":[{"name":"wp","href":"https:\/\/api.w.org\/{rel}","templated":true}]}}