{"id":21306,"date":"2025-02-18T13:24:17","date_gmt":"2025-02-18T18:24:17","guid":{"rendered":"https:\/\/dev2.traderscale.com\/accueil-2025\/"},"modified":"2025-09-11T08:10:01","modified_gmt":"2025-09-11T13:10:01","slug":"accueil-2025","status":"publish","type":"page","link":"https:\/\/dev2.traderscale.com\/fr\/","title":{"rendered":"Accueil 2025"},"content":{"rendered":"","protected":false},"excerpt":{"rendered":"","protected":false},"author":1,"featured_media":0,"parent":0,"menu_order":0,"comment_status":"closed","ping_status":"closed","template":"page-home.php","meta":{"om_disable_all_campaigns":false,"footnotes":""},"class_list":["post-21306","page","type-page","status-publish","hentry"],"yoast_head":"<!-- This site is optimized with the Yoast SEO plugin v27.3 - https:\/\/yoast.com\/product\/yoast-seo-wordpress\/ -->\n<title>Traderscale | Acc\u00e9l\u00e9rez votre parcours financier avec un compte de trading enti\u00e8rement financ\u00e9<\/title>\n<meta name=\"description\" content=\"Traderscale r\u00e9sout le probl\u00e8me du capital limit\u00e9 en offrant un acc\u00e8s \u00e0 leurs fonds, ce qui permet aux traders de g\u00e9rer des positions plus importantes et d&#039;augmenter leur potentiel de profit.\" \/>\n<meta name=\"robots\" content=\"noindex, follow, max-snippet:-1, max-image-preview:large, max-video-preview:-1\" \/>\n<meta property=\"og:locale\" content=\"fr_FR\" \/>\n<meta property=\"og:type\" content=\"article\" \/>\n<meta property=\"og:title\" content=\"Traderscale | Acc\u00e9l\u00e9rez votre parcours financier avec un compte de trading enti\u00e8rement financ\u00e9\" \/>\n<meta property=\"og:description\" content=\"Traderscale r\u00e9sout le probl\u00e8me du capital limit\u00e9 en offrant un acc\u00e8s \u00e0 leurs fonds, ce qui permet aux traders de g\u00e9rer des positions plus importantes et d&#039;augmenter leur potentiel de profit.\" \/>\n<meta property=\"og:url\" content=\"https:\/\/dev2.traderscale.com\/fr\/\" \/>\n<meta property=\"og:site_name\" content=\"Accelerate Your Financial Journey with a Fully Funded Trading Account\" \/>\n<meta property=\"article:publisher\" content=\"https:\/\/www.facebook.com\/profile.php?id=61556992185100#\" \/>\n<meta property=\"article:modified_time\" content=\"2025-09-11T13:10:01+00:00\" \/>\n<meta property=\"og:image\" content=\"https:\/\/dev2.traderscale.com\/wp-content\/uploads\/2025\/04\/Open-graph-1024x538.png\" \/>\n<meta name=\"twitter:card\" content=\"summary_large_image\" \/>\n<script type=\"application\/ld+json\" class=\"yoast-schema-graph\">{\"@context\":\"https:\\\/\\\/schema.org\",\"@graph\":[{\"@type\":\"WebPage\",\"@id\":\"https:\\\/\\\/dev2.traderscale.com\\\/fr\\\/\",\"url\":\"https:\\\/\\\/dev2.traderscale.com\\\/fr\\\/\",\"name\":\"Traderscale | Acc\u00e9l\u00e9rez votre parcours financier avec un compte de trading enti\u00e8rement financ\u00e9\",\"isPartOf\":{\"@id\":\"https:\\\/\\\/dev2.traderscale.com\\\/fr\\\/#website\"},\"datePublished\":\"2025-02-18T18:24:17+00:00\",\"dateModified\":\"2025-09-11T13:10:01+00:00\",\"description\":\"Traderscale r\u00e9sout le probl\u00e8me du capital limit\u00e9 en offrant un acc\u00e8s \u00e0 leurs fonds, ce qui permet aux traders de g\u00e9rer des positions plus importantes et d'augmenter leur potentiel de profit.\",\"breadcrumb\":{\"@id\":\"https:\\\/\\\/dev2.traderscale.com\\\/fr\\\/#breadcrumb\"},\"inLanguage\":\"fr-FR\",\"potentialAction\":[{\"@type\":\"ReadAction\",\"target\":[\"https:\\\/\\\/dev2.traderscale.com\\\/fr\\\/\"]}]},{\"@type\":\"BreadcrumbList\",\"@id\":\"https:\\\/\\\/dev2.traderscale.com\\\/fr\\\/#breadcrumb\",\"itemListElement\":[{\"@type\":\"ListItem\",\"position\":1,\"name\":\"Home\",\"item\":\"https:\\\/\\\/dev2.traderscale.com\\\/fr\\\/accueil-2025\\\/\"},{\"@type\":\"ListItem\",\"position\":2,\"name\":\"Accueil 2025\"}]},{\"@type\":\"WebSite\",\"@id\":\"https:\\\/\\\/dev2.traderscale.com\\\/fr\\\/#website\",\"url\":\"https:\\\/\\\/dev2.traderscale.com\\\/fr\\\/\",\"name\":\"Traderscale\",\"description\":\"\",\"publisher\":{\"@id\":\"https:\\\/\\\/dev2.traderscale.com\\\/fr\\\/#organization\"},\"potentialAction\":[{\"@type\":\"SearchAction\",\"target\":{\"@type\":\"EntryPoint\",\"urlTemplate\":\"https:\\\/\\\/dev2.traderscale.com\\\/fr\\\/?s={search_term_string}\"},\"query-input\":{\"@type\":\"PropertyValueSpecification\",\"valueRequired\":true,\"valueName\":\"search_term_string\"}}],\"inLanguage\":\"fr-FR\"},{\"@type\":\"Organization\",\"@id\":\"https:\\\/\\\/dev2.traderscale.com\\\/fr\\\/#organization\",\"name\":\"Traderscale\",\"url\":\"https:\\\/\\\/dev2.traderscale.com\\\/fr\\\/\",\"logo\":{\"@type\":\"ImageObject\",\"inLanguage\":\"fr-FR\",\"@id\":\"https:\\\/\\\/dev2.traderscale.com\\\/fr\\\/#\\\/schema\\\/logo\\\/image\\\/\",\"url\":\"https:\\\/\\\/dev2.traderscale.com\\\/wp-content\\\/uploads\\\/2025\\\/04\\\/dark.png\",\"contentUrl\":\"https:\\\/\\\/dev2.traderscale.com\\\/wp-content\\\/uploads\\\/2025\\\/04\\\/dark.png\",\"width\":240,\"height\":161,\"caption\":\"Traderscale\"},\"image\":{\"@id\":\"https:\\\/\\\/dev2.traderscale.com\\\/fr\\\/#\\\/schema\\\/logo\\\/image\\\/\"},\"sameAs\":[\"https:\\\/\\\/www.facebook.com\\\/profile.php?id=61556992185100#\",\"https:\\\/\\\/www.youtube.com\\\/@Traderscale_com\\\/videos\",\"https:\\\/\\\/www.instagram.com\\\/traderscalepro\\\/\"]}]}<\/script>\n<!-- \/ Yoast SEO plugin. -->","yoast_head_json":{"title":"Traderscale | Acc\u00e9l\u00e9rez votre parcours financier avec un compte de trading enti\u00e8rement financ\u00e9","description":"Traderscale r\u00e9sout le probl\u00e8me du capital limit\u00e9 en offrant un acc\u00e8s \u00e0 leurs fonds, ce qui permet aux traders de g\u00e9rer des positions plus importantes et d'augmenter leur potentiel de profit.","robots":{"index":"noindex","follow":"follow","max-snippet":"max-snippet:-1","max-image-preview":"max-image-preview:large","max-video-preview":"max-video-preview:-1"},"og_locale":"fr_FR","og_type":"article","og_title":"Traderscale | Acc\u00e9l\u00e9rez votre parcours financier avec un compte de trading enti\u00e8rement financ\u00e9","og_description":"Traderscale r\u00e9sout le probl\u00e8me du capital limit\u00e9 en offrant un acc\u00e8s \u00e0 leurs fonds, ce qui permet aux traders de g\u00e9rer des positions plus importantes et d'augmenter leur potentiel de profit.","og_url":"https:\/\/dev2.traderscale.com\/fr\/","og_site_name":"Accelerate Your Financial Journey with a Fully Funded Trading Account","article_publisher":"https:\/\/www.facebook.com\/profile.php?id=61556992185100#","article_modified_time":"2025-09-11T13:10:01+00:00","og_image":[{"url":"https:\/\/dev2.traderscale.com\/wp-content\/uploads\/2025\/04\/Open-graph-1024x538.png","type":"","width":"","height":""}],"twitter_card":"summary_large_image","schema":{"@context":"https:\/\/schema.org","@graph":[{"@type":"WebPage","@id":"https:\/\/dev2.traderscale.com\/fr\/","url":"https:\/\/dev2.traderscale.com\/fr\/","name":"Traderscale | Acc\u00e9l\u00e9rez votre parcours financier avec un compte de trading enti\u00e8rement financ\u00e9","isPartOf":{"@id":"https:\/\/dev2.traderscale.com\/fr\/#website"},"datePublished":"2025-02-18T18:24:17+00:00","dateModified":"2025-09-11T13:10:01+00:00","description":"Traderscale r\u00e9sout le probl\u00e8me du capital limit\u00e9 en offrant un acc\u00e8s \u00e0 leurs fonds, ce qui permet aux traders de g\u00e9rer des positions plus importantes et d'augmenter leur potentiel de profit.","breadcrumb":{"@id":"https:\/\/dev2.traderscale.com\/fr\/#breadcrumb"},"inLanguage":"fr-FR","potentialAction":[{"@type":"ReadAction","target":["https:\/\/dev2.traderscale.com\/fr\/"]}]},{"@type":"BreadcrumbList","@id":"https:\/\/dev2.traderscale.com\/fr\/#breadcrumb","itemListElement":[{"@type":"ListItem","position":1,"name":"Home","item":"https:\/\/dev2.traderscale.com\/fr\/accueil-2025\/"},{"@type":"ListItem","position":2,"name":"Accueil 2025"}]},{"@type":"WebSite","@id":"https:\/\/dev2.traderscale.com\/fr\/#website","url":"https:\/\/dev2.traderscale.com\/fr\/","name":"Traderscale","description":"","publisher":{"@id":"https:\/\/dev2.traderscale.com\/fr\/#organization"},"potentialAction":[{"@type":"SearchAction","target":{"@type":"EntryPoint","urlTemplate":"https:\/\/dev2.traderscale.com\/fr\/?s={search_term_string}"},"query-input":{"@type":"PropertyValueSpecification","valueRequired":true,"valueName":"search_term_string"}}],"inLanguage":"fr-FR"},{"@type":"Organization","@id":"https:\/\/dev2.traderscale.com\/fr\/#organization","name":"Traderscale","url":"https:\/\/dev2.traderscale.com\/fr\/","logo":{"@type":"ImageObject","inLanguage":"fr-FR","@id":"https:\/\/dev2.traderscale.com\/fr\/#\/schema\/logo\/image\/","url":"https:\/\/dev2.traderscale.com\/wp-content\/uploads\/2025\/04\/dark.png","contentUrl":"https:\/\/dev2.traderscale.com\/wp-content\/uploads\/2025\/04\/dark.png","width":240,"height":161,"caption":"Traderscale"},"image":{"@id":"https:\/\/dev2.traderscale.com\/fr\/#\/schema\/logo\/image\/"},"sameAs":["https:\/\/www.facebook.com\/profile.php?id=61556992185100#","https:\/\/www.youtube.com\/@Traderscale_com\/videos","https:\/\/www.instagram.com\/traderscalepro\/"]}]}},"_links":{"self":[{"href":"https:\/\/dev2.traderscale.com\/fr\/wp-json\/wp\/v2\/pages\/21306","targetHints":{"allow":["GET"]}}],"collection":[{"href":"https:\/\/dev2.traderscale.com\/fr\/wp-json\/wp\/v2\/pages"}],"about":[{"href":"https:\/\/dev2.traderscale.com\/fr\/wp-json\/wp\/v2\/types\/page"}],"author":[{"embeddable":true,"href":"https:\/\/dev2.traderscale.com\/fr\/wp-json\/wp\/v2\/users\/1"}],"replies":[{"embeddable":true,"href":"https:\/\/dev2.traderscale.com\/fr\/wp-json\/wp\/v2\/comments?post=21306"}],"version-history":[{"count":1,"href":"https:\/\/dev2.traderscale.com\/fr\/wp-json\/wp\/v2\/pages\/21306\/revisions"}],"predecessor-version":[{"id":21767,"href":"https:\/\/dev2.traderscale.com\/fr\/wp-json\/wp\/v2\/pages\/21306\/revisions\/21767"}],"wp:attachment":[{"href":"https:\/\/dev2.traderscale.com\/fr\/wp-json\/wp\/v2\/media?parent=21306"}],"curies":[{"name":"wp","href":"https:\/\/api.w.org\/{rel}","templated":true}]}}