{"id":573,"date":"2024-02-20T15:28:51","date_gmt":"2024-02-20T20:28:51","guid":{"rendered":"https:\/\/dev2.traderscale.com\/politica-de-devoluciones\/"},"modified":"2025-04-23T03:38:51","modified_gmt":"2025-04-23T08:38:51","slug":"politica-de-devoluciones","status":"publish","type":"page","link":"https:\/\/dev2.traderscale.com\/es\/politica-de-devoluciones\/","title":{"rendered":"Pol\u00edtica de devoluciones"},"content":{"rendered":"\r\n<p><div><br><h3 class=\"heading-secondary\">Pol\u00edtica de cancelaci\u00f3n y reembolso<br><\/h3><div>Una vez que se haya realizado el pago de la compra de uno de nuestros programas, recibir\u00e1 un correo electr\u00f3nico con los datos de inicio de sesi\u00f3n para acceder a su plataforma de operaciones. Una vez que se le env\u00ede esta informaci\u00f3n por correo electr\u00f3nico, no se realizar\u00e1 ning\u00fan reembolso. En circunstancias espec\u00edficas y para recibir asistencia, env\u00ede un correo electr\u00f3nico a\u00a0<a href=\"mailto:support@traderscale.com\">support@traderscale.com<\/a><\/div><\/div><br><div><h3 class=\"heading-secondary\"><br>Reembolsos despu\u00e9s de completar con \u00e9xito un desaf\u00edo<\/h3>No ofrecemos reembolsos de la tarifa de desaf\u00edo para nuestro Speedy Challenge. Debido a que se permite que HFT supere la etapa de desaf\u00edo, los operadores reciben recompensas \u00fanicamente por su desempe\u00f1o durante la etapa financiada.<\/div><div><h3 class=\"heading-secondary\"><br>Aceptaci\u00f3n de esta Pol\u00edtica<\/h3><div>Es su responsabilidad comprender completamente la pol\u00edtica de reembolso. Al realizar un pedido de cualquiera de nuestros programas, usted confirma que ha le\u00eddo atentamente esta pol\u00edtica y que da su consentimiento y acepta estos t\u00e9rminos. En caso de que no est\u00e9 de acuerdo o no acepte completamente los t\u00e9rminos de esta pol\u00edtica de reembolso, le solicitamos que no realice un pedido con nosotros. Comun\u00edquese con nosotros a <a href=\"mailto:support@traderscale.com\">support@traderscale.com<\/a>\u00a0si tiene alguna pregunta sobre nuestra pol\u00edtica de reembolso.<\/div><br><\/div><\/p>\r\n","protected":false},"excerpt":{"rendered":"<p>Pol\u00edtica de cancelaci\u00f3n y reembolso Una vez que se haya realizado el pago de la compra de uno de nuestros programas, recibir\u00e1 un correo electr\u00f3nico con los datos de inicio de sesi\u00f3n para acceder a su plataforma de operaciones. Una vez que se le env\u00ede esta informaci\u00f3n por correo electr\u00f3nico, no se realizar\u00e1 ning\u00fan reembolso. [&hellip;]<\/p>\n","protected":false},"author":1,"featured_media":0,"parent":0,"menu_order":0,"comment_status":"closed","ping_status":"closed","template":"page-new.php","meta":{"om_disable_all_campaigns":false,"footnotes":""},"class_list":["post-573","page","type-page","status-publish","hentry"],"yoast_head":"<!-- This site is optimized with the Yoast SEO plugin v27.3 - https:\/\/yoast.com\/product\/yoast-seo-wordpress\/ -->\n<title>Pol\u00edtica de devoluciones - Accelerate Your Financial Journey with a Fully Funded Trading Account<\/title>\n<meta name=\"robots\" content=\"noindex, follow, max-snippet:-1, max-image-preview:large, max-video-preview:-1\" \/>\n<meta property=\"og:locale\" content=\"es_ES\" \/>\n<meta property=\"og:type\" content=\"article\" \/>\n<meta property=\"og:title\" content=\"Pol\u00edtica de devoluciones - Accelerate Your Financial Journey with a Fully Funded Trading Account\" \/>\n<meta property=\"og:description\" content=\"Pol\u00edtica de cancelaci\u00f3n y reembolso Una vez que se haya realizado el pago de la compra de uno de nuestros programas, recibir\u00e1 un correo electr\u00f3nico con los datos de inicio de sesi\u00f3n para acceder a su plataforma de operaciones. Una vez que se le env\u00ede esta informaci\u00f3n por correo electr\u00f3nico, no se realizar\u00e1 ning\u00fan reembolso. [&hellip;]\" \/>\n<meta property=\"og:url\" content=\"https:\/\/dev2.traderscale.com\/es\/politica-de-devoluciones\/\" \/>\n<meta property=\"og:site_name\" content=\"Accelerate Your Financial Journey with a Fully Funded Trading Account\" \/>\n<meta property=\"article:publisher\" content=\"https:\/\/www.facebook.com\/profile.php?id=61556992185100#\" \/>\n<meta property=\"article:modified_time\" content=\"2025-04-23T08:38:51+00:00\" \/>\n<meta name=\"twitter:card\" content=\"summary_large_image\" \/>\n<meta name=\"twitter:label1\" content=\"Tiempo de lectura\" \/>\n\t<meta name=\"twitter:data1\" content=\"1 minuto\" \/>\n<script type=\"application\/ld+json\" class=\"yoast-schema-graph\">{\"@context\":\"https:\\\/\\\/schema.org\",\"@graph\":[{\"@type\":\"WebPage\",\"@id\":\"https:\\\/\\\/dev2.traderscale.com\\\/es\\\/politica-de-devoluciones\\\/\",\"url\":\"https:\\\/\\\/dev2.traderscale.com\\\/es\\\/politica-de-devoluciones\\\/\",\"name\":\"Pol\u00edtica de devoluciones - Accelerate Your Financial Journey with a Fully Funded Trading Account\",\"isPartOf\":{\"@id\":\"https:\\\/\\\/dev2.traderscale.com\\\/es\\\/#website\"},\"datePublished\":\"2024-02-20T20:28:51+00:00\",\"dateModified\":\"2025-04-23T08:38:51+00:00\",\"breadcrumb\":{\"@id\":\"https:\\\/\\\/dev2.traderscale.com\\\/es\\\/politica-de-devoluciones\\\/#breadcrumb\"},\"inLanguage\":\"es\",\"potentialAction\":[{\"@type\":\"ReadAction\",\"target\":[\"https:\\\/\\\/dev2.traderscale.com\\\/es\\\/politica-de-devoluciones\\\/\"]}]},{\"@type\":\"BreadcrumbList\",\"@id\":\"https:\\\/\\\/dev2.traderscale.com\\\/es\\\/politica-de-devoluciones\\\/#breadcrumb\",\"itemListElement\":[{\"@type\":\"ListItem\",\"position\":1,\"name\":\"Home\",\"item\":\"https:\\\/\\\/dev2.traderscale.com\\\/es\\\/inicio-2025\\\/\"},{\"@type\":\"ListItem\",\"position\":2,\"name\":\"Pol\u00edtica de devoluciones\"}]},{\"@type\":\"WebSite\",\"@id\":\"https:\\\/\\\/dev2.traderscale.com\\\/es\\\/#website\",\"url\":\"https:\\\/\\\/dev2.traderscale.com\\\/es\\\/\",\"name\":\"Traderscale\",\"description\":\"\",\"publisher\":{\"@id\":\"https:\\\/\\\/dev2.traderscale.com\\\/es\\\/#organization\"},\"potentialAction\":[{\"@type\":\"SearchAction\",\"target\":{\"@type\":\"EntryPoint\",\"urlTemplate\":\"https:\\\/\\\/dev2.traderscale.com\\\/es\\\/?s={search_term_string}\"},\"query-input\":{\"@type\":\"PropertyValueSpecification\",\"valueRequired\":true,\"valueName\":\"search_term_string\"}}],\"inLanguage\":\"es\"},{\"@type\":\"Organization\",\"@id\":\"https:\\\/\\\/dev2.traderscale.com\\\/es\\\/#organization\",\"name\":\"Traderscale\",\"url\":\"https:\\\/\\\/dev2.traderscale.com\\\/es\\\/\",\"logo\":{\"@type\":\"ImageObject\",\"inLanguage\":\"es\",\"@id\":\"https:\\\/\\\/dev2.traderscale.com\\\/es\\\/#\\\/schema\\\/logo\\\/image\\\/\",\"url\":\"https:\\\/\\\/dev2.traderscale.com\\\/wp-content\\\/uploads\\\/2025\\\/04\\\/dark.png\",\"contentUrl\":\"https:\\\/\\\/dev2.traderscale.com\\\/wp-content\\\/uploads\\\/2025\\\/04\\\/dark.png\",\"width\":240,\"height\":161,\"caption\":\"Traderscale\"},\"image\":{\"@id\":\"https:\\\/\\\/dev2.traderscale.com\\\/es\\\/#\\\/schema\\\/logo\\\/image\\\/\"},\"sameAs\":[\"https:\\\/\\\/www.facebook.com\\\/profile.php?id=61556992185100#\",\"https:\\\/\\\/www.youtube.com\\\/@Traderscale_com\\\/videos\",\"https:\\\/\\\/www.instagram.com\\\/traderscalepro\\\/\"]}]}<\/script>\n<!-- \/ Yoast SEO plugin. -->","yoast_head_json":{"title":"Pol\u00edtica de devoluciones - Accelerate Your Financial Journey with a Fully Funded Trading Account","robots":{"index":"noindex","follow":"follow","max-snippet":"max-snippet:-1","max-image-preview":"max-image-preview:large","max-video-preview":"max-video-preview:-1"},"og_locale":"es_ES","og_type":"article","og_title":"Pol\u00edtica de devoluciones - Accelerate Your Financial Journey with a Fully Funded Trading Account","og_description":"Pol\u00edtica de cancelaci\u00f3n y reembolso Una vez que se haya realizado el pago de la compra de uno de nuestros programas, recibir\u00e1 un correo electr\u00f3nico con los datos de inicio de sesi\u00f3n para acceder a su plataforma de operaciones. Una vez que se le env\u00ede esta informaci\u00f3n por correo electr\u00f3nico, no se realizar\u00e1 ning\u00fan reembolso. [&hellip;]","og_url":"https:\/\/dev2.traderscale.com\/es\/politica-de-devoluciones\/","og_site_name":"Accelerate Your Financial Journey with a Fully Funded Trading Account","article_publisher":"https:\/\/www.facebook.com\/profile.php?id=61556992185100#","article_modified_time":"2025-04-23T08:38:51+00:00","twitter_card":"summary_large_image","twitter_misc":{"Tiempo de lectura":"1 minuto"},"schema":{"@context":"https:\/\/schema.org","@graph":[{"@type":"WebPage","@id":"https:\/\/dev2.traderscale.com\/es\/politica-de-devoluciones\/","url":"https:\/\/dev2.traderscale.com\/es\/politica-de-devoluciones\/","name":"Pol\u00edtica de devoluciones - Accelerate Your Financial Journey with a Fully Funded Trading Account","isPartOf":{"@id":"https:\/\/dev2.traderscale.com\/es\/#website"},"datePublished":"2024-02-20T20:28:51+00:00","dateModified":"2025-04-23T08:38:51+00:00","breadcrumb":{"@id":"https:\/\/dev2.traderscale.com\/es\/politica-de-devoluciones\/#breadcrumb"},"inLanguage":"es","potentialAction":[{"@type":"ReadAction","target":["https:\/\/dev2.traderscale.com\/es\/politica-de-devoluciones\/"]}]},{"@type":"BreadcrumbList","@id":"https:\/\/dev2.traderscale.com\/es\/politica-de-devoluciones\/#breadcrumb","itemListElement":[{"@type":"ListItem","position":1,"name":"Home","item":"https:\/\/dev2.traderscale.com\/es\/inicio-2025\/"},{"@type":"ListItem","position":2,"name":"Pol\u00edtica de devoluciones"}]},{"@type":"WebSite","@id":"https:\/\/dev2.traderscale.com\/es\/#website","url":"https:\/\/dev2.traderscale.com\/es\/","name":"Traderscale","description":"","publisher":{"@id":"https:\/\/dev2.traderscale.com\/es\/#organization"},"potentialAction":[{"@type":"SearchAction","target":{"@type":"EntryPoint","urlTemplate":"https:\/\/dev2.traderscale.com\/es\/?s={search_term_string}"},"query-input":{"@type":"PropertyValueSpecification","valueRequired":true,"valueName":"search_term_string"}}],"inLanguage":"es"},{"@type":"Organization","@id":"https:\/\/dev2.traderscale.com\/es\/#organization","name":"Traderscale","url":"https:\/\/dev2.traderscale.com\/es\/","logo":{"@type":"ImageObject","inLanguage":"es","@id":"https:\/\/dev2.traderscale.com\/es\/#\/schema\/logo\/image\/","url":"https:\/\/dev2.traderscale.com\/wp-content\/uploads\/2025\/04\/dark.png","contentUrl":"https:\/\/dev2.traderscale.com\/wp-content\/uploads\/2025\/04\/dark.png","width":240,"height":161,"caption":"Traderscale"},"image":{"@id":"https:\/\/dev2.traderscale.com\/es\/#\/schema\/logo\/image\/"},"sameAs":["https:\/\/www.facebook.com\/profile.php?id=61556992185100#","https:\/\/www.youtube.com\/@Traderscale_com\/videos","https:\/\/www.instagram.com\/traderscalepro\/"]}]}},"_links":{"self":[{"href":"https:\/\/dev2.traderscale.com\/es\/wp-json\/wp\/v2\/pages\/573","targetHints":{"allow":["GET"]}}],"collection":[{"href":"https:\/\/dev2.traderscale.com\/es\/wp-json\/wp\/v2\/pages"}],"about":[{"href":"https:\/\/dev2.traderscale.com\/es\/wp-json\/wp\/v2\/types\/page"}],"author":[{"embeddable":true,"href":"https:\/\/dev2.traderscale.com\/es\/wp-json\/wp\/v2\/users\/1"}],"replies":[{"embeddable":true,"href":"https:\/\/dev2.traderscale.com\/es\/wp-json\/wp\/v2\/comments?post=573"}],"version-history":[{"count":6,"href":"https:\/\/dev2.traderscale.com\/es\/wp-json\/wp\/v2\/pages\/573\/revisions"}],"predecessor-version":[{"id":7410,"href":"https:\/\/dev2.traderscale.com\/es\/wp-json\/wp\/v2\/pages\/573\/revisions\/7410"}],"wp:attachment":[{"href":"https:\/\/dev2.traderscale.com\/es\/wp-json\/wp\/v2\/media?parent=573"}],"curies":[{"name":"wp","href":"https:\/\/api.w.org\/{rel}","templated":true}]}}