{"id":7141,"date":"2024-02-20T15:28:51","date_gmt":"2024-02-20T20:28:51","guid":{"rendered":"https:\/\/dev2.traderscale.com\/erstattungspolitik\/"},"modified":"2025-04-23T03:36:46","modified_gmt":"2025-04-23T08:36:46","slug":"erstattungspolitik","status":"publish","type":"page","link":"https:\/\/dev2.traderscale.com\/de\/erstattungspolitik\/","title":{"rendered":"Erstattungspolitik"},"content":{"rendered":"\r\n<p><div><br><h3 class=\"heading-secondary\">Stornierungs- und R\u00fcckerstattungsrichtlinie<br><br><\/h3><br><div>Nach einer erfolgreichen Zahlung f\u00fcr den Kauf eines unserer Programme erhalten Sie eine E-Mail mit den Zugangsdaten f\u00fcr Ihre Handelsplattform. Sobald diese Informationen an Sie per E-Mail gesendet wurden, erfolgt keine R\u00fcckerstattung. In bestimmten F\u00e4llen und f\u00fcr Unterst\u00fctzung wenden Sie sich bitte per E-Mail an\u00a0<a href=\"mailto:support@traderscale.com\">support@traderscale.com<\/a><\/div><br><\/div><br><div><br><h3 class=\"heading-secondary\"><br>R\u00fcckerstattungen nach erfolgreichem Abschluss einer Challenge<\/h3><br>Wir bieten keine R\u00fcckerstattungen der Challenge-Geb\u00fchr f\u00fcr unsere Speedy Challenge an. <\/div><br><div><br><h3 class=\"heading-secondary\"><br>Akzeptanz dieser Richtlinie<\/h3><br><div>Es liegt in Ihrer Verantwortung, die R\u00fcckerstattungsrichtlinie vollst\u00e4ndig zu verstehen. Durch das Aufgeben einer Bestellung f\u00fcr eines unserer Programme best\u00e4tigen Sie, dass Sie diese Richtlinie sorgf\u00e4ltig gelesen haben und dass Sie diesen Bedingungen zustimmen und sie akzeptieren. Falls Sie mit den Bedingungen dieser R\u00fcckerstattungsrichtlinie nicht einverstanden sind oder diese nicht vollst\u00e4ndig akzeptieren, bitten wir Sie, keine Bestellung bei uns aufzugeben. Bitte kontaktieren Sie uns unter <a href=\"mailto:support@traderscale.com\">support@traderscale.com<\/a>, wenn Sie Fragen zu unserer R\u00fcckerstattungsrichtlinie haben.<\/div><br><\/div><\/p>\r\n\r\n","protected":false},"excerpt":{"rendered":"<p>Stornierungs- und R\u00fcckerstattungsrichtlinie Nach einer erfolgreichen Zahlung f\u00fcr den Kauf eines unserer Programme erhalten Sie eine E-Mail mit den Zugangsdaten f\u00fcr Ihre Handelsplattform. Sobald diese Informationen an Sie per E-Mail gesendet wurden, erfolgt keine R\u00fcckerstattung. In bestimmten F\u00e4llen und f\u00fcr Unterst\u00fctzung wenden Sie sich bitte per E-Mail an\u00a0support@traderscale.com R\u00fcckerstattungen nach erfolgreichem Abschluss einer Challenge Wir [&hellip;]<\/p>\n","protected":false},"author":1,"featured_media":0,"parent":0,"menu_order":0,"comment_status":"closed","ping_status":"closed","template":"page-new.php","meta":{"om_disable_all_campaigns":false,"footnotes":""},"class_list":["post-7141","page","type-page","status-publish","hentry"],"yoast_head":"<!-- This site is optimized with the Yoast SEO plugin v27.3 - https:\/\/yoast.com\/product\/yoast-seo-wordpress\/ -->\n<title>Erstattungspolitik - Accelerate Your Financial Journey with a Fully Funded Trading Account<\/title>\n<meta name=\"robots\" content=\"noindex, follow, max-snippet:-1, max-image-preview:large, max-video-preview:-1\" \/>\n<meta property=\"og:locale\" content=\"de_DE\" \/>\n<meta property=\"og:type\" content=\"article\" \/>\n<meta property=\"og:title\" content=\"Erstattungspolitik - Accelerate Your Financial Journey with a Fully Funded Trading Account\" \/>\n<meta property=\"og:description\" content=\"Stornierungs- und R\u00fcckerstattungsrichtlinie Nach einer erfolgreichen Zahlung f\u00fcr den Kauf eines unserer Programme erhalten Sie eine E-Mail mit den Zugangsdaten f\u00fcr Ihre Handelsplattform. Sobald diese Informationen an Sie per E-Mail gesendet wurden, erfolgt keine R\u00fcckerstattung. In bestimmten F\u00e4llen und f\u00fcr Unterst\u00fctzung wenden Sie sich bitte per E-Mail an\u00a0support@traderscale.com R\u00fcckerstattungen nach erfolgreichem Abschluss einer Challenge Wir [&hellip;]\" \/>\n<meta property=\"og:url\" content=\"https:\/\/dev2.traderscale.com\/de\/erstattungspolitik\/\" \/>\n<meta property=\"og:site_name\" content=\"Accelerate Your Financial Journey with a Fully Funded Trading Account\" \/>\n<meta property=\"article:publisher\" content=\"https:\/\/www.facebook.com\/profile.php?id=61556992185100#\" \/>\n<meta property=\"article:modified_time\" content=\"2025-04-23T08:36:46+00:00\" \/>\n<meta name=\"twitter:card\" content=\"summary_large_image\" \/>\n<meta name=\"twitter:label1\" content=\"Gesch\u00e4tzte Lesezeit\" \/>\n\t<meta name=\"twitter:data1\" content=\"1\u00a0Minute\" \/>\n<script type=\"application\/ld+json\" class=\"yoast-schema-graph\">{\"@context\":\"https:\\\/\\\/schema.org\",\"@graph\":[{\"@type\":\"WebPage\",\"@id\":\"https:\\\/\\\/dev2.traderscale.com\\\/de\\\/erstattungspolitik\\\/\",\"url\":\"https:\\\/\\\/dev2.traderscale.com\\\/de\\\/erstattungspolitik\\\/\",\"name\":\"Erstattungspolitik - Accelerate Your Financial Journey with a Fully Funded Trading Account\",\"isPartOf\":{\"@id\":\"https:\\\/\\\/dev2.traderscale.com\\\/de\\\/#website\"},\"datePublished\":\"2024-02-20T20:28:51+00:00\",\"dateModified\":\"2025-04-23T08:36:46+00:00\",\"breadcrumb\":{\"@id\":\"https:\\\/\\\/dev2.traderscale.com\\\/de\\\/erstattungspolitik\\\/#breadcrumb\"},\"inLanguage\":\"de\",\"potentialAction\":[{\"@type\":\"ReadAction\",\"target\":[\"https:\\\/\\\/dev2.traderscale.com\\\/de\\\/erstattungspolitik\\\/\"]}]},{\"@type\":\"BreadcrumbList\",\"@id\":\"https:\\\/\\\/dev2.traderscale.com\\\/de\\\/erstattungspolitik\\\/#breadcrumb\",\"itemListElement\":[{\"@type\":\"ListItem\",\"position\":1,\"name\":\"Home\",\"item\":\"https:\\\/\\\/dev2.traderscale.com\\\/de\\\/startseite-2025\\\/\"},{\"@type\":\"ListItem\",\"position\":2,\"name\":\"Erstattungspolitik\"}]},{\"@type\":\"WebSite\",\"@id\":\"https:\\\/\\\/dev2.traderscale.com\\\/de\\\/#website\",\"url\":\"https:\\\/\\\/dev2.traderscale.com\\\/de\\\/\",\"name\":\"Traderscale\",\"description\":\"\",\"publisher\":{\"@id\":\"https:\\\/\\\/dev2.traderscale.com\\\/de\\\/#organization\"},\"potentialAction\":[{\"@type\":\"SearchAction\",\"target\":{\"@type\":\"EntryPoint\",\"urlTemplate\":\"https:\\\/\\\/dev2.traderscale.com\\\/de\\\/?s={search_term_string}\"},\"query-input\":{\"@type\":\"PropertyValueSpecification\",\"valueRequired\":true,\"valueName\":\"search_term_string\"}}],\"inLanguage\":\"de\"},{\"@type\":\"Organization\",\"@id\":\"https:\\\/\\\/dev2.traderscale.com\\\/de\\\/#organization\",\"name\":\"Traderscale\",\"url\":\"https:\\\/\\\/dev2.traderscale.com\\\/de\\\/\",\"logo\":{\"@type\":\"ImageObject\",\"inLanguage\":\"de\",\"@id\":\"https:\\\/\\\/dev2.traderscale.com\\\/de\\\/#\\\/schema\\\/logo\\\/image\\\/\",\"url\":\"https:\\\/\\\/dev2.traderscale.com\\\/wp-content\\\/uploads\\\/2025\\\/04\\\/dark.png\",\"contentUrl\":\"https:\\\/\\\/dev2.traderscale.com\\\/wp-content\\\/uploads\\\/2025\\\/04\\\/dark.png\",\"width\":240,\"height\":161,\"caption\":\"Traderscale\"},\"image\":{\"@id\":\"https:\\\/\\\/dev2.traderscale.com\\\/de\\\/#\\\/schema\\\/logo\\\/image\\\/\"},\"sameAs\":[\"https:\\\/\\\/www.facebook.com\\\/profile.php?id=61556992185100#\",\"https:\\\/\\\/www.youtube.com\\\/@Traderscale_com\\\/videos\",\"https:\\\/\\\/www.instagram.com\\\/traderscalepro\\\/\"]}]}<\/script>\n<!-- \/ Yoast SEO plugin. -->","yoast_head_json":{"title":"Erstattungspolitik - Accelerate Your Financial Journey with a Fully Funded Trading Account","robots":{"index":"noindex","follow":"follow","max-snippet":"max-snippet:-1","max-image-preview":"max-image-preview:large","max-video-preview":"max-video-preview:-1"},"og_locale":"de_DE","og_type":"article","og_title":"Erstattungspolitik - Accelerate Your Financial Journey with a Fully Funded Trading Account","og_description":"Stornierungs- und R\u00fcckerstattungsrichtlinie Nach einer erfolgreichen Zahlung f\u00fcr den Kauf eines unserer Programme erhalten Sie eine E-Mail mit den Zugangsdaten f\u00fcr Ihre Handelsplattform. Sobald diese Informationen an Sie per E-Mail gesendet wurden, erfolgt keine R\u00fcckerstattung. In bestimmten F\u00e4llen und f\u00fcr Unterst\u00fctzung wenden Sie sich bitte per E-Mail an\u00a0support@traderscale.com R\u00fcckerstattungen nach erfolgreichem Abschluss einer Challenge Wir [&hellip;]","og_url":"https:\/\/dev2.traderscale.com\/de\/erstattungspolitik\/","og_site_name":"Accelerate Your Financial Journey with a Fully Funded Trading Account","article_publisher":"https:\/\/www.facebook.com\/profile.php?id=61556992185100#","article_modified_time":"2025-04-23T08:36:46+00:00","twitter_card":"summary_large_image","twitter_misc":{"Gesch\u00e4tzte Lesezeit":"1\u00a0Minute"},"schema":{"@context":"https:\/\/schema.org","@graph":[{"@type":"WebPage","@id":"https:\/\/dev2.traderscale.com\/de\/erstattungspolitik\/","url":"https:\/\/dev2.traderscale.com\/de\/erstattungspolitik\/","name":"Erstattungspolitik - Accelerate Your Financial Journey with a Fully Funded Trading Account","isPartOf":{"@id":"https:\/\/dev2.traderscale.com\/de\/#website"},"datePublished":"2024-02-20T20:28:51+00:00","dateModified":"2025-04-23T08:36:46+00:00","breadcrumb":{"@id":"https:\/\/dev2.traderscale.com\/de\/erstattungspolitik\/#breadcrumb"},"inLanguage":"de","potentialAction":[{"@type":"ReadAction","target":["https:\/\/dev2.traderscale.com\/de\/erstattungspolitik\/"]}]},{"@type":"BreadcrumbList","@id":"https:\/\/dev2.traderscale.com\/de\/erstattungspolitik\/#breadcrumb","itemListElement":[{"@type":"ListItem","position":1,"name":"Home","item":"https:\/\/dev2.traderscale.com\/de\/startseite-2025\/"},{"@type":"ListItem","position":2,"name":"Erstattungspolitik"}]},{"@type":"WebSite","@id":"https:\/\/dev2.traderscale.com\/de\/#website","url":"https:\/\/dev2.traderscale.com\/de\/","name":"Traderscale","description":"","publisher":{"@id":"https:\/\/dev2.traderscale.com\/de\/#organization"},"potentialAction":[{"@type":"SearchAction","target":{"@type":"EntryPoint","urlTemplate":"https:\/\/dev2.traderscale.com\/de\/?s={search_term_string}"},"query-input":{"@type":"PropertyValueSpecification","valueRequired":true,"valueName":"search_term_string"}}],"inLanguage":"de"},{"@type":"Organization","@id":"https:\/\/dev2.traderscale.com\/de\/#organization","name":"Traderscale","url":"https:\/\/dev2.traderscale.com\/de\/","logo":{"@type":"ImageObject","inLanguage":"de","@id":"https:\/\/dev2.traderscale.com\/de\/#\/schema\/logo\/image\/","url":"https:\/\/dev2.traderscale.com\/wp-content\/uploads\/2025\/04\/dark.png","contentUrl":"https:\/\/dev2.traderscale.com\/wp-content\/uploads\/2025\/04\/dark.png","width":240,"height":161,"caption":"Traderscale"},"image":{"@id":"https:\/\/dev2.traderscale.com\/de\/#\/schema\/logo\/image\/"},"sameAs":["https:\/\/www.facebook.com\/profile.php?id=61556992185100#","https:\/\/www.youtube.com\/@Traderscale_com\/videos","https:\/\/www.instagram.com\/traderscalepro\/"]}]}},"_links":{"self":[{"href":"https:\/\/dev2.traderscale.com\/de\/wp-json\/wp\/v2\/pages\/7141","targetHints":{"allow":["GET"]}}],"collection":[{"href":"https:\/\/dev2.traderscale.com\/de\/wp-json\/wp\/v2\/pages"}],"about":[{"href":"https:\/\/dev2.traderscale.com\/de\/wp-json\/wp\/v2\/types\/page"}],"author":[{"embeddable":true,"href":"https:\/\/dev2.traderscale.com\/de\/wp-json\/wp\/v2\/users\/1"}],"replies":[{"embeddable":true,"href":"https:\/\/dev2.traderscale.com\/de\/wp-json\/wp\/v2\/comments?post=7141"}],"version-history":[{"count":4,"href":"https:\/\/dev2.traderscale.com\/de\/wp-json\/wp\/v2\/pages\/7141\/revisions"}],"predecessor-version":[{"id":22516,"href":"https:\/\/dev2.traderscale.com\/de\/wp-json\/wp\/v2\/pages\/7141\/revisions\/22516"}],"wp:attachment":[{"href":"https:\/\/dev2.traderscale.com\/de\/wp-json\/wp\/v2\/media?parent=7141"}],"curies":[{"name":"wp","href":"https:\/\/api.w.org\/{rel}","templated":true}]}}