{"id":7133,"date":"2024-02-06T10:03:28","date_gmt":"2024-02-06T15:03:28","guid":{"rendered":"https:\/\/dev2.traderscale.com\/datenschutzbestimmungen\/"},"modified":"2024-09-19T01:09:56","modified_gmt":"2024-09-19T06:09:56","slug":"datenschutzbestimmungen","status":"publish","type":"page","link":"https:\/\/dev2.traderscale.com\/de\/datenschutzbestimmungen\/","title":{"rendered":"Datenschutzbestimmungen"},"content":{"rendered":"<p><strong>1. Einleitung:<\/strong> Diese Datenschutzrichtlinie (&#8222;Richtlinie&#8220;) bezieht sich auf Tradelytic FCZO, handelnd als Traderscale.com (&#8222;wir&#8220;, &#8222;unser&#8220; oder das &#8222;Unternehmen&#8220;).<br \/>\nDiese Richtlinie erl\u00e4utert, wie das Unternehmen personenbezogene Daten \u00fcber unsere Kunden (&#8222;Sie&#8220;, &#8222;Ihr&#8220; oder der &#8222;Kunde&#8220;) sammelt, verwaltet, nutzt und offenlegt.<br \/>\nSie gilt sowohl f\u00fcr bestehende und potenzielle Kunden als auch f\u00fcr alle Besucher der Website des Unternehmens.<br \/>\nWir handeln als Datenverantwortliche in \u00dcbereinstimmung mit der Datenschutzgesetzgebung.<br \/>\nDas Unternehmen verpflichtet sich, die Privatsph\u00e4re aller pers\u00f6nlichen Daten, wie hierin definiert, zu sch\u00fctzen, die wir von Ihnen erhalten, einschlie\u00dflich der Informationen, die wir w\u00e4hrend Ihrer Besuche auf dieser Website erhalten.<br \/>\nDiese Richtlinie sollte in Verbindung mit unseren Allgemeinen Gesch\u00e4ftsbedingungen, die Sie auf unserer Website unter <a href=\"https:\/\/dev2.traderscale.com\/de\/\" target=\"_new\" rel=\"noopener\">www.traderscale.com<\/a> (&#8222;Website&#8220;) finden, und allen anderen bereitgestellten Vereinbarungen gelesen werden.<\/p>\n<p><strong>2. Welche pers\u00f6nlichen Daten sammeln wir und wie?<\/strong> Das Unternehmen erhebt und speichert personenbezogene Daten \u00fcber Sie, wenn Sie eine Online-Bewerbung f\u00fcr ein Live- oder Demokonto ausf\u00fcllen oder nach erfolgreicher Teilnahme an einem auf unserer Website angebotenen Wettbewerb.<br \/>\nWir erheben bestimmte personenbezogene Daten, um die Bed\u00fcrfnisse unserer Kunden effizient zu erf\u00fcllen und unsere Dienstleistungen zu verbessern.<br \/>\n&#8222;Pers\u00f6nliche Daten&#8220; bezieht sich auf pers\u00f6nliche Informationen, die Sie uns direkt zur Verf\u00fcgung stellen, oder auf Daten, die wir bei der Erbringung von Dienstleistungen f\u00fcr Sie und durch Ihre Nutzung unserer Website erfassen.<br \/>\nWir halten uns an die weltweiten Datenschutzpraktiken.<br \/>\nZu den erfassten personenbezogenen Daten geh\u00f6ren unter anderem:<\/p>\n<ul>\n<li>Informationen, die Sie uns zur Verf\u00fcgung stellen, wie z.B. Name, Adresse, Geburtsdatum, Telefonnummer, E-Mail-Adresse, Dokumente zur Identit\u00e4ts\u00fcberpr\u00fcfung (z.B. Reisepass und Personalausweis), Rechnungen von Versorgungsunternehmen, Kontoausz\u00fcge oder Angaben zur Firmengr\u00fcndung, finanzielle Informationen wie gesch\u00e4tztes Jahreseinkommen und Nettoverm\u00f6gen, Handelserfahrung und Anlagekenntnisse.<\/li>\n<li>Daten, die automatisch erfasst werden, wenn Sie unsere Dienste nutzen, einschlie\u00dflich IP-Adressen, Ger\u00e4tetyp, Betriebssystem, Land, in dem Sie die Website besuchen, An- und Abmeldedaten, Kontoeinstellungen, benutzerdefinierte Herausforderungen, W\u00e4hrung, Art der Transaktionen und Kommunikation, ob elektronisch oder per Telefon.<\/li>\n<li>Automatisch erfasste Daten \u00fcber Ihre simulierten Transaktionen, einschlie\u00dflich der Art der Herausforderung, des Finanzinstruments, des Zeitpunkts der Er\u00f6ffnung oder Schlie\u00dfung von Positionen, des Investitionsbetrags, des Gewinns und des Verlusts.<\/li>\n<li>Automatisch erfasste Daten w\u00e4hrend Ihrer Website-Besuche, wie z.B. besuchte Bereiche, aufgerufene Seiten, Besuchsh\u00e4ufigkeit und -dauer sowie verweisende Websites.<\/li>\n<\/ul>\n<p><strong>3. Warum verwenden wir Ihre pers\u00f6nlichen Daten?<\/strong> Das Unternehmen kann Ihre Daten f\u00fcr einen oder mehrere der folgenden Zwecke verwenden:<\/p>\n<ul>\n<li>Best\u00e4tigen Sie Ihre Identit\u00e4t.<\/li>\n<li>Pflegen Sie Ihr pers\u00f6nliches Profil.<\/li>\n<li>Beurteilung Ihrer Eignung f\u00fcr unsere Produkte und Dienstleistungen.<\/li>\n<li>Bereitstellung der angeforderten Dienste, einschlie\u00dflich der Verarbeitung von Transaktionen.<\/li>\n<li>Angebot von transaktionsbezogenen Dienstleistungen.<\/li>\n<li>Wir informieren Sie \u00fcber Produkte und Dienstleistungen, die Sie interessieren.<\/li>\n<li>Wir halten Sie \u00fcber relevante Themen auf dem Laufenden.<\/li>\n<li>Anpassung der Website an Ihre Bed\u00fcrfnisse.<\/li>\n<li>Analyse von unpers\u00f6nlichen statistischen Daten zur Verbesserung von Produkten und Dienstleistungen.<\/li>\n<li>Die Verwaltung Ihres Kontos und die \u00dcberwachung seines Verhaltens, einschlie\u00dflich der Kreditlimits.<\/li>\n<li>Weitergabe Ihrer pers\u00f6nlichen Daten an Dritte zu Marketingzwecken.<\/li>\n<\/ul>\n<p><strong>4. Was ist die rechtm\u00e4\u00dfige Grundlage f\u00fcr die Verarbeitung Ihrer pers\u00f6nlichen Daten?<\/strong><\/p>\n<ul>\n<li>Um unsere Dienstleistungen f\u00fcr Sie zu erbringen, einschlie\u00dflich vertraglicher Verpflichtungen und der Einhaltung gesetzlicher Verpflichtungen wie &#8222;Kenne deinen Kunden&#8220; und &#8222;Customer Due Diligence&#8220;-Anforderungen.<\/li>\n<li>Um gesetzlichen Verpflichtungen nachzukommen, einschlie\u00dflich der Gesetze zur Bek\u00e4mpfung von Geldw\u00e4sche, Terrorismusfinanzierung, Finanzdienstleistungen und Datenschutz.<\/li>\n<li>Zur Wahrung berechtigter Interessen, wie z.B. Kundenbeziehungen, Rechtsstreitigkeiten, Direktmarketing, Betrugspr\u00e4vention und Netzwerksicherheit.<\/li>\n<li>Mit Ihrer Zustimmung, um unsere Produkte, Dienstleistungen oder angeforderten Informationen anzubieten.<\/li>\n<\/ul>\n<p><strong>5. Wie lange bewahren wir Ihre pers\u00f6nlichen Daten auf?<\/strong> Personenbezogene Daten werden so verarbeitet, wie es f\u00fcr die Erbringung der Dienstleistung erforderlich ist, und f\u00fcr die Dauer, die gesetzlich vorgeschrieben ist.<br \/>\nInsbesondere bewahren wir personenbezogene Daten f\u00fcr mindestens sieben (7) Jahre auf, gerechnet ab der letzten Transaktion oder der Beendigung der Gesch\u00e4ftsbeziehung, je nachdem, was sp\u00e4ter eintritt.<\/p>\n<p><strong>6. Wo und warum werden wir Ihre pers\u00f6nlichen Daten offenlegen?<\/strong> Das Unternehmen gibt Ihre vertraulichen Daten nicht an Dritte weiter, es sei denn:<\/p>\n<ul>\n<li>Erforderlich durch geltende Gesetze, Regeln und Vorschriften.<\/li>\n<li>Erforderlich f\u00fcr legitime Gesch\u00e4ftsinteressen, einschlie\u00dflich Zahlungsdienstleister und Bankinstitute.<\/li>\n<li>Als Antwort auf Anfragen von zust\u00e4ndigen Beh\u00f6rden, Aufsichtsbeh\u00f6rden, Regierungsstellen oder mit Ihrer Zustimmung.<\/li>\n<li>Um Rechte zu sch\u00fctzen, gerichtlichen Anordnungen nachzukommen, Betrug zu verhindern, rechtliche Verfahren einzuhalten oder die pers\u00f6nliche Sicherheit der Nutzer zu gew\u00e4hrleisten.<\/li>\n<\/ul>\n<p>Das Unternehmen kann Ihre pers\u00f6nlichen Daten auch an Dritte weitergeben, wenn dies erforderlich ist, um:<\/p>\n<ul>\n<li>Sch\u00fctzen Sie unsere Rechte.<\/li>\n<li>Befolgen Sie die gesetzlichen Vorschriften.<\/li>\n<li>Schutz der Rechte des Unternehmens, der Websites und der \u00f6ffentlichen Interessen.<\/li>\n<li>Arbeiten Sie mit Drittanbietern zusammen.<\/li>\n<li>Nutzen Sie Anbieter f\u00fcr begrenzte Dienstleistungen.<\/li>\n<li>Interagieren Sie mit Finanzinstituten und Organisationen.<\/li>\n<li>Engagieren Sie externe Dienstleister und professionelle Berater.<\/li>\n<li>Abwicklung von Transaktionen oder angeforderten Dienstleistungen.<\/li>\n<li>Erf\u00fcllen Sie die gesetzlichen Anforderungen oder Beh\u00f6rden.<\/li>\n<li>Stellen Sie Gesch\u00e4ftspartnern statistische Daten unter Wahrung der Anonymit\u00e4t zur Verf\u00fcgung.<\/li>\n<\/ul>\n<p><strong>7. Prozessoren<\/strong> Prozessoren m\u00fcssen:<\/p>\n<ul>\n<li>Informieren Sie Ihre Mitarbeiter \u00fcber die Vertraulichkeit der pers\u00f6nlichen Daten.<\/li>\n<li>Pers\u00f6nliche Daten in \u00dcbereinstimmung mit allen geltenden Gesetzen und Vorschriften verarbeiten.<\/li>\n<\/ul>\n<p>Die Auftragsverarbeiter haften f\u00fcr alle Kosten, Anspr\u00fcche, Sch\u00e4den oder Ausgaben, die dem Unternehmen durch die Nichteinhaltung der Verpflichtungen aus dieser Datenschutzrichtlinie entstehen.<\/p>\n<p><strong>8. Wir k\u00f6nnen Ihre Daten au\u00dferhalb des Europ\u00e4ischen Wirtschaftsraums (&#8222;EWR&#8220;) \u00fcbertragen.<\/strong> Das Unternehmen beh\u00e4lt sich das Recht vor, Ihre pers\u00f6nlichen Daten innerhalb oder au\u00dferhalb des EWR an Dienstleister und Auftragsverarbeiter zu \u00fcbertragen.<br \/>\nSolche \u00dcbertragungen erfolgen im Einklang mit dem Gesetz und gew\u00e4hrleisten die Einhaltung der europ\u00e4ischen Datenschutzgesetze oder der geltenden Datenschutzgesetze in Drittl\u00e4ndern.<br \/>\nWir ergreifen Ma\u00dfnahmen, um eine sichere Daten\u00fcbertragung im Einklang mit dieser Datenschutzrichtlinie zu gew\u00e4hrleisten.<\/p>\n<p><strong>9. Was sind Ihre Rechte?<\/strong> Sie sind nicht verpflichtet, dem Unternehmen pers\u00f6nliche Daten zur Verf\u00fcgung zu stellen.<br \/>\nWenn Sie dies jedoch nicht tun, k\u00f6nnen wir Ihr Konto nicht verifizieren oder zul\u00e4ssige Dienstleistungen und Produkte nicht bereitstellen.<br \/>\nGem\u00e4\u00df den geltenden Datenschutzgesetzen haben Sie das Recht auf:<\/p>\n<ul>\n<li>Zugang zu den pers\u00f6nlichen Daten, die wir \u00fcber Sie gespeichert haben, anfordern.<\/li>\n<li>Korrigieren Sie alle wahrgenommenen Ungenauigkeiten.<\/li>\n<li>die L\u00f6schung Ihrer pers\u00f6nlichen Daten zu verlangen, mit Ausnahmen, die gesetzlich vorgeschrieben sind.<\/li>\n<li>Informieren Sie uns \u00fcber \u00c4nderungen Ihrer pers\u00f6nlichen Daten oder L\u00f6schungsw\u00fcnsche per E-Mail an <a target=\"_new\" rel=\"noopener\">support@traderscale.com.<\/a><\/li>\n<\/ul>\n<p>Bei Fragen, Beschwerden oder Antr\u00e4gen wenden Sie sich bitte an das Unternehmen.<br \/>\nWenn eine Beschwerde ungel\u00f6st bleibt, k\u00f6nnen Sie sich an den Information Commissioner wenden.<\/p>\n<p><strong>10. Zustimmung<\/strong> Durch den Zugriff auf diese Website erkl\u00e4ren Sie sich damit einverstanden, dass das Unternehmen pers\u00f6nliche Daten gem\u00e4\u00df dieser Datenschutzrichtlinie sammelt, verwaltet, verwendet und weitergibt.<\/p>\n<p><strong>11. Links<\/strong> Diese Datenschutzrichtlinie gilt nicht f\u00fcr andere Websites, auf die Sie \u00fcber unsere Website zugreifen k\u00f6nnen.<br \/>\nWir empfehlen Ihnen, die Datenschutzrichtlinien der verlinkten Websites zu lesen und zu verstehen.<\/p>\n<p><strong>12. Wir verwenden Cookies<\/strong> Das Unternehmen setzt Cookies ein, um Informationen \u00fcber Ihren Zugriff auf unsere Website und unsere Dienstleistungen zu sammeln.<br \/>\nUmfassende Informationen finden Sie in der Cookie-Richtlinie des Unternehmens.<br \/>\nCookies sind kleine Informationseinheiten, die auf Ihrem Ger\u00e4t gespeichert werden und eine eindeutige Identifizierung erm\u00f6glichen.<br \/>\nDie meisten Internetbrowser akzeptieren Cookies, aber Sie k\u00f6nnen die Einstellungen so anpassen, dass sie abgelehnt werden.<br \/>\nEs wird jedoch empfohlen, Cookies zu aktivieren, um eine optimale Nutzung der Website zu gew\u00e4hrleisten.<\/p>\n<p><strong>13. Wir wenden strenge Sicherheitsma\u00dfnahmen an<\/strong> Das Unternehmen setzt robuste Ma\u00dfnahmen ein, um pers\u00f6nliche Daten vor unbefugtem Zugriff zu sch\u00fctzen.<br \/>\nNur autorisiertes Personal und Dienstleister mit einem legitimen Bed\u00fcrfnis haben Zugang zu Pers\u00f6nlichen Daten.<br \/>\nDie Weitergabe von Login-Daten an Dritte ist verboten.<br \/>\nStrenge Vorsichtsma\u00dfnahmen sch\u00fctzen vor Verlust, Diebstahl, Missbrauch, Ver\u00e4nderung oder Zerst\u00f6rung von Pers\u00f6nlichen Daten.<\/p>\n<p><strong>14. Wir werden diese Richtlinie \u00e4ndern<\/strong> Das Unternehmen beh\u00e4lt sich das Recht vor, diese Datenschutzrichtlinie von Zeit zu Zeit zu \u00fcberarbeiten.<br \/>\nBesuchen Sie unsere Website, um die neueste Version zu erhalten.<br \/>\nIndem Sie die Website nach der Ver\u00f6ffentlichung von \u00c4nderungen nutzen, erkl\u00e4ren Sie sich mit diesen \u00c4nderungen einverstanden.<\/p>\n<p>Zuletzt aktualisiert am 6\/2\/2024.<br \/>\nCopyright \u00a9 2024 Traderscale.<br \/>\nAlle Rechte vorbehalten.<\/p>\n","protected":false},"excerpt":{"rendered":"<p>1. Einleitung: Diese Datenschutzrichtlinie (&#8222;Richtlinie&#8220;) bezieht sich auf Tradelytic FCZO, handelnd als Traderscale.com (&#8222;wir&#8220;, &#8222;unser&#8220; oder das &#8222;Unternehmen&#8220;). Diese Richtlinie erl\u00e4utert, wie das Unternehmen personenbezogene Daten \u00fcber unsere Kunden (&#8222;Sie&#8220;, &#8222;Ihr&#8220; oder der &#8222;Kunde&#8220;) sammelt, verwaltet, nutzt und offenlegt. Sie gilt sowohl f\u00fcr bestehende und potenzielle Kunden als auch f\u00fcr alle Besucher der Website des [&hellip;]<\/p>\n","protected":false},"author":1,"featured_media":0,"parent":0,"menu_order":0,"comment_status":"closed","ping_status":"closed","template":"page-new.php","meta":{"om_disable_all_campaigns":false,"footnotes":""},"class_list":["post-7133","page","type-page","status-publish","hentry"],"yoast_head":"<!-- This site is optimized with the Yoast SEO plugin v27.3 - https:\/\/yoast.com\/product\/yoast-seo-wordpress\/ -->\n<title>Datenschutzbestimmungen - Accelerate Your Financial Journey with a Fully Funded Trading Account<\/title>\n<meta name=\"robots\" content=\"noindex, follow, max-snippet:-1, max-image-preview:large, max-video-preview:-1\" \/>\n<meta property=\"og:locale\" content=\"de_DE\" \/>\n<meta property=\"og:type\" content=\"article\" \/>\n<meta property=\"og:title\" content=\"Datenschutzbestimmungen - Accelerate Your Financial Journey with a Fully Funded Trading Account\" \/>\n<meta property=\"og:description\" content=\"1. Einleitung: Diese Datenschutzrichtlinie (&#8222;Richtlinie&#8220;) bezieht sich auf Tradelytic FCZO, handelnd als Traderscale.com (&#8222;wir&#8220;, &#8222;unser&#8220; oder das &#8222;Unternehmen&#8220;). Diese Richtlinie erl\u00e4utert, wie das Unternehmen personenbezogene Daten \u00fcber unsere Kunden (&#8222;Sie&#8220;, &#8222;Ihr&#8220; oder der &#8222;Kunde&#8220;) sammelt, verwaltet, nutzt und offenlegt. Sie gilt sowohl f\u00fcr bestehende und potenzielle Kunden als auch f\u00fcr alle Besucher der Website des [&hellip;]\" \/>\n<meta property=\"og:url\" content=\"https:\/\/dev2.traderscale.com\/de\/datenschutzbestimmungen\/\" \/>\n<meta property=\"og:site_name\" content=\"Accelerate Your Financial Journey with a Fully Funded Trading Account\" \/>\n<meta property=\"article:publisher\" content=\"https:\/\/www.facebook.com\/profile.php?id=61556992185100#\" \/>\n<meta property=\"article:modified_time\" content=\"2024-09-19T06:09:56+00:00\" \/>\n<meta name=\"twitter:card\" content=\"summary_large_image\" \/>\n<meta name=\"twitter:label1\" content=\"Gesch\u00e4tzte Lesezeit\" \/>\n\t<meta name=\"twitter:data1\" content=\"7\u00a0Minuten\" \/>\n<script type=\"application\/ld+json\" class=\"yoast-schema-graph\">{\"@context\":\"https:\\\/\\\/schema.org\",\"@graph\":[{\"@type\":\"WebPage\",\"@id\":\"https:\\\/\\\/dev2.traderscale.com\\\/de\\\/datenschutzbestimmungen\\\/\",\"url\":\"https:\\\/\\\/dev2.traderscale.com\\\/de\\\/datenschutzbestimmungen\\\/\",\"name\":\"Datenschutzbestimmungen - Accelerate Your Financial Journey with a Fully Funded Trading Account\",\"isPartOf\":{\"@id\":\"https:\\\/\\\/dev2.traderscale.com\\\/de\\\/#website\"},\"datePublished\":\"2024-02-06T15:03:28+00:00\",\"dateModified\":\"2024-09-19T06:09:56+00:00\",\"breadcrumb\":{\"@id\":\"https:\\\/\\\/dev2.traderscale.com\\\/de\\\/datenschutzbestimmungen\\\/#breadcrumb\"},\"inLanguage\":\"de\",\"potentialAction\":[{\"@type\":\"ReadAction\",\"target\":[\"https:\\\/\\\/dev2.traderscale.com\\\/de\\\/datenschutzbestimmungen\\\/\"]}]},{\"@type\":\"BreadcrumbList\",\"@id\":\"https:\\\/\\\/dev2.traderscale.com\\\/de\\\/datenschutzbestimmungen\\\/#breadcrumb\",\"itemListElement\":[{\"@type\":\"ListItem\",\"position\":1,\"name\":\"Home\",\"item\":\"https:\\\/\\\/dev2.traderscale.com\\\/de\\\/startseite-2025\\\/\"},{\"@type\":\"ListItem\",\"position\":2,\"name\":\"Datenschutzbestimmungen\"}]},{\"@type\":\"WebSite\",\"@id\":\"https:\\\/\\\/dev2.traderscale.com\\\/de\\\/#website\",\"url\":\"https:\\\/\\\/dev2.traderscale.com\\\/de\\\/\",\"name\":\"Traderscale\",\"description\":\"\",\"publisher\":{\"@id\":\"https:\\\/\\\/dev2.traderscale.com\\\/de\\\/#organization\"},\"potentialAction\":[{\"@type\":\"SearchAction\",\"target\":{\"@type\":\"EntryPoint\",\"urlTemplate\":\"https:\\\/\\\/dev2.traderscale.com\\\/de\\\/?s={search_term_string}\"},\"query-input\":{\"@type\":\"PropertyValueSpecification\",\"valueRequired\":true,\"valueName\":\"search_term_string\"}}],\"inLanguage\":\"de\"},{\"@type\":\"Organization\",\"@id\":\"https:\\\/\\\/dev2.traderscale.com\\\/de\\\/#organization\",\"name\":\"Traderscale\",\"url\":\"https:\\\/\\\/dev2.traderscale.com\\\/de\\\/\",\"logo\":{\"@type\":\"ImageObject\",\"inLanguage\":\"de\",\"@id\":\"https:\\\/\\\/dev2.traderscale.com\\\/de\\\/#\\\/schema\\\/logo\\\/image\\\/\",\"url\":\"https:\\\/\\\/dev2.traderscale.com\\\/wp-content\\\/uploads\\\/2025\\\/04\\\/dark.png\",\"contentUrl\":\"https:\\\/\\\/dev2.traderscale.com\\\/wp-content\\\/uploads\\\/2025\\\/04\\\/dark.png\",\"width\":240,\"height\":161,\"caption\":\"Traderscale\"},\"image\":{\"@id\":\"https:\\\/\\\/dev2.traderscale.com\\\/de\\\/#\\\/schema\\\/logo\\\/image\\\/\"},\"sameAs\":[\"https:\\\/\\\/www.facebook.com\\\/profile.php?id=61556992185100#\",\"https:\\\/\\\/www.youtube.com\\\/@Traderscale_com\\\/videos\",\"https:\\\/\\\/www.instagram.com\\\/traderscalepro\\\/\"]}]}<\/script>\n<!-- \/ Yoast SEO plugin. -->","yoast_head_json":{"title":"Datenschutzbestimmungen - Accelerate Your Financial Journey with a Fully Funded Trading Account","robots":{"index":"noindex","follow":"follow","max-snippet":"max-snippet:-1","max-image-preview":"max-image-preview:large","max-video-preview":"max-video-preview:-1"},"og_locale":"de_DE","og_type":"article","og_title":"Datenschutzbestimmungen - Accelerate Your Financial Journey with a Fully Funded Trading Account","og_description":"1. Einleitung: Diese Datenschutzrichtlinie (&#8222;Richtlinie&#8220;) bezieht sich auf Tradelytic FCZO, handelnd als Traderscale.com (&#8222;wir&#8220;, &#8222;unser&#8220; oder das &#8222;Unternehmen&#8220;). Diese Richtlinie erl\u00e4utert, wie das Unternehmen personenbezogene Daten \u00fcber unsere Kunden (&#8222;Sie&#8220;, &#8222;Ihr&#8220; oder der &#8222;Kunde&#8220;) sammelt, verwaltet, nutzt und offenlegt. Sie gilt sowohl f\u00fcr bestehende und potenzielle Kunden als auch f\u00fcr alle Besucher der Website des [&hellip;]","og_url":"https:\/\/dev2.traderscale.com\/de\/datenschutzbestimmungen\/","og_site_name":"Accelerate Your Financial Journey with a Fully Funded Trading Account","article_publisher":"https:\/\/www.facebook.com\/profile.php?id=61556992185100#","article_modified_time":"2024-09-19T06:09:56+00:00","twitter_card":"summary_large_image","twitter_misc":{"Gesch\u00e4tzte Lesezeit":"7\u00a0Minuten"},"schema":{"@context":"https:\/\/schema.org","@graph":[{"@type":"WebPage","@id":"https:\/\/dev2.traderscale.com\/de\/datenschutzbestimmungen\/","url":"https:\/\/dev2.traderscale.com\/de\/datenschutzbestimmungen\/","name":"Datenschutzbestimmungen - Accelerate Your Financial Journey with a Fully Funded Trading Account","isPartOf":{"@id":"https:\/\/dev2.traderscale.com\/de\/#website"},"datePublished":"2024-02-06T15:03:28+00:00","dateModified":"2024-09-19T06:09:56+00:00","breadcrumb":{"@id":"https:\/\/dev2.traderscale.com\/de\/datenschutzbestimmungen\/#breadcrumb"},"inLanguage":"de","potentialAction":[{"@type":"ReadAction","target":["https:\/\/dev2.traderscale.com\/de\/datenschutzbestimmungen\/"]}]},{"@type":"BreadcrumbList","@id":"https:\/\/dev2.traderscale.com\/de\/datenschutzbestimmungen\/#breadcrumb","itemListElement":[{"@type":"ListItem","position":1,"name":"Home","item":"https:\/\/dev2.traderscale.com\/de\/startseite-2025\/"},{"@type":"ListItem","position":2,"name":"Datenschutzbestimmungen"}]},{"@type":"WebSite","@id":"https:\/\/dev2.traderscale.com\/de\/#website","url":"https:\/\/dev2.traderscale.com\/de\/","name":"Traderscale","description":"","publisher":{"@id":"https:\/\/dev2.traderscale.com\/de\/#organization"},"potentialAction":[{"@type":"SearchAction","target":{"@type":"EntryPoint","urlTemplate":"https:\/\/dev2.traderscale.com\/de\/?s={search_term_string}"},"query-input":{"@type":"PropertyValueSpecification","valueRequired":true,"valueName":"search_term_string"}}],"inLanguage":"de"},{"@type":"Organization","@id":"https:\/\/dev2.traderscale.com\/de\/#organization","name":"Traderscale","url":"https:\/\/dev2.traderscale.com\/de\/","logo":{"@type":"ImageObject","inLanguage":"de","@id":"https:\/\/dev2.traderscale.com\/de\/#\/schema\/logo\/image\/","url":"https:\/\/dev2.traderscale.com\/wp-content\/uploads\/2025\/04\/dark.png","contentUrl":"https:\/\/dev2.traderscale.com\/wp-content\/uploads\/2025\/04\/dark.png","width":240,"height":161,"caption":"Traderscale"},"image":{"@id":"https:\/\/dev2.traderscale.com\/de\/#\/schema\/logo\/image\/"},"sameAs":["https:\/\/www.facebook.com\/profile.php?id=61556992185100#","https:\/\/www.youtube.com\/@Traderscale_com\/videos","https:\/\/www.instagram.com\/traderscalepro\/"]}]}},"_links":{"self":[{"href":"https:\/\/dev2.traderscale.com\/de\/wp-json\/wp\/v2\/pages\/7133","targetHints":{"allow":["GET"]}}],"collection":[{"href":"https:\/\/dev2.traderscale.com\/de\/wp-json\/wp\/v2\/pages"}],"about":[{"href":"https:\/\/dev2.traderscale.com\/de\/wp-json\/wp\/v2\/types\/page"}],"author":[{"embeddable":true,"href":"https:\/\/dev2.traderscale.com\/de\/wp-json\/wp\/v2\/users\/1"}],"replies":[{"embeddable":true,"href":"https:\/\/dev2.traderscale.com\/de\/wp-json\/wp\/v2\/comments?post=7133"}],"version-history":[{"count":1,"href":"https:\/\/dev2.traderscale.com\/de\/wp-json\/wp\/v2\/pages\/7133\/revisions"}],"predecessor-version":[{"id":7387,"href":"https:\/\/dev2.traderscale.com\/de\/wp-json\/wp\/v2\/pages\/7133\/revisions\/7387"}],"wp:attachment":[{"href":"https:\/\/dev2.traderscale.com\/de\/wp-json\/wp\/v2\/media?parent=7133"}],"curies":[{"name":"wp","href":"https:\/\/api.w.org\/{rel}","templated":true}]}}